{"id":11308,"date":"2020-03-12T20:47:51","date_gmt":"2020-03-12T19:47:51","guid":{"rendered":"http:\/\/dr-nfanous.com\/plastic-surgery\/face\/mini-rhytidectomie\/"},"modified":"2020-05-17T02:19:32","modified_gmt":"2020-05-17T00:19:32","slug":"mini-facelift","status":"publish","type":"page","link":"https:\/\/dr-nfanous.com\/en\/plastic-surgery\/face\/mini-facelift\/","title":{"rendered":"Mini-facelift"},"content":{"rendered":"<section class=\"wpb-content-wrapper\"><p>[vc_row full_width=&#8221;stretch_row&#8221;][vc_column]\n\t\t\t<section class=\"cover cover-12 form--dark imagebg height-100 parallax\" data-overlay=\"4\">\n\t\t\t\t<div class=\"background-image-holder\">\n\t\t\t\t\t<img loading=\"lazy\" decoding=\"async\" width=\"1000\" height=\"667\" src=\"https:\/\/dr-nfanous.com\/wp-content\/uploads\/2016\/10\/rides-fr.jpg\" class=\"attachment-full size-full\" alt=\"Traitement des rides au laser CO2\" srcset=\"https:\/\/dr-nfanous.com\/wp-content\/uploads\/2016\/10\/rides-fr.jpg 1000w, https:\/\/dr-nfanous.com\/wp-content\/uploads\/2016\/10\/rides-fr-300x200.jpg 300w, https:\/\/dr-nfanous.com\/wp-content\/uploads\/2016\/10\/rides-fr-768x512.jpg 768w\" sizes=\"auto, (max-width: 1000px) 100vw, 1000px\" \/>\n\t\t\t\t<\/div>\n\t\t\t\t<div class=\"container pos-vertical-center text-center-xs\">\n\t\t\t\t\t<div class=\"row pos-vertical-align-columns\">\n\t\t\t\t\t\t<div class=\"col-md-7 col-sm-8 col-sm-offset-2\">\n\t\t\t\t\t\t\t[vc_column_text css=&#8221;.vc_custom_1589674653117{margin-top: -15px !important;padding-right: 65px !important;}&#8221;]<\/p>\n<h1>Mini-Rhytidectomy \u00ab Mini-mini lift \u00bb Montreal<\/h1>\n<p>[\/vc_column_text]\n\t\t\t\t\t\t<\/div>\n\t\t\t\t\t\t<div class=\"col-md-5 col-sm-8 col-sm-offset-2\">\n\t\t\n\t\t\t\t<div class=\"form-subscribe-1 boxed boxed--lg bg--white text-center box-shadow-wide\">\n\t\t\t\t\t\n<div class=\"wpcf7 no-js\" id=\"wpcf7-f11300-o1\" lang=\"fr-FR\" dir=\"ltr\">\n<div class=\"screen-reader-response\"><p role=\"status\" aria-live=\"polite\" aria-atomic=\"true\"><\/p> <ul><\/ul><\/div>\n<form action=\"\/en\/wp-json\/wp\/v2\/pages\/11308#wpcf7-f11300-o1\" method=\"post\" class=\"wpcf7-form init\" aria-label=\"Formulaire de contact\" novalidate=\"novalidate\" data-status=\"init\">\n<div style=\"display: none;\">\n<input type=\"hidden\" name=\"_wpcf7\" value=\"11300\" \/>\n<input type=\"hidden\" name=\"_wpcf7_version\" value=\"5.7.7\" \/>\n<input type=\"hidden\" name=\"_wpcf7_locale\" value=\"fr_FR\" \/>\n<input type=\"hidden\" name=\"_wpcf7_unit_tag\" value=\"wpcf7-f11300-o1\" \/>\n<input type=\"hidden\" name=\"_wpcf7_container_post\" value=\"0\" \/>\n<input type=\"hidden\" name=\"_wpcf7_posted_data_hash\" value=\"\" \/>\n<input type=\"hidden\" name=\"_wpcf7_recaptcha_response\" value=\"\" \/>\n<\/div>\n<div class=\"text-center\">\n\t<h4>Book a FREE appointment online\n\t<\/h4>\n<\/div>\n<div class=\"row\">\n\t<div class=\"input-with-icon\">\n\t\t<p><i class=\"icon-MaleFemale\"><\/i><span class=\"wpcf7-form-control-wrap\" data-name=\"your-name\"><input size=\"40\" class=\"wpcf7-form-control wpcf7-text wpcf7-validates-as-required\" aria-required=\"true\" aria-invalid=\"false\" placeholder=\"Name *\" value=\"\" type=\"text\" name=\"your-name\" \/><\/span>\n\t\t<\/p>\n\t<\/div>\n\t<div class=\"input-with-icon\">\n\t\t<p><i class=\"icon-Email\"><\/i><span class=\"wpcf7-form-control-wrap\" data-name=\"your-email\"><input size=\"40\" class=\"wpcf7-form-control wpcf7-text wpcf7-email wpcf7-validates-as-required wpcf7-validates-as-email\" aria-required=\"true\" aria-invalid=\"false\" placeholder=\"Email *\" value=\"\" type=\"email\" name=\"your-email\" \/><\/span>\n\t\t<\/p>\n\t<\/div>\n\t<div class=\"input-with-icon\">\n\t\t<p><i class=\"icon-Phone-2\"><\/i><span class=\"wpcf7-form-control-wrap\" data-name=\"your-phone\"><input size=\"40\" class=\"wpcf7-form-control wpcf7-text wpcf7-validates-as-required\" aria-required=\"true\" aria-invalid=\"false\" placeholder=\"Phone\" value=\"\" type=\"text\" name=\"your-phone\" \/><\/span>\n\t\t<\/p>\n\t<\/div>\n\t<div>\n\t\t<p><span class=\"wpcf7-form-control-wrap\" data-name=\"consultation\"><select class=\"wpcf7-form-control wpcf7-select consultation\" aria-invalid=\"false\" name=\"consultation\"><option value=\"&#8681; Type of consultation preferred\">&#8681; Type of consultation preferred<\/option><option value=\"FREE Video Call on your phone with assistant\">FREE Video Call on your phone with assistant<\/option><option value=\"Clinic meeting with assistant. *Available only on mondays\">Clinic meeting with assistant. *Available only on mondays<\/option><option value=\"Meeting with doctor N. Fanous - 250$ *Refundable if any treatment is taken\">Meeting with doctor N. Fanous - 250$ *Refundable if any treatment is taken<\/option><\/select><\/span>\n\t\t<\/p>\n\t<\/div>\n\t<style>\n.imagebg:not(.image--light) a, .imagebg:not(.image--light) span{\ncolor:#777;\n}\n\t<\/style>\n\t<div class=\"input-with-icon col-sm-12\">\n\t\t<p>Prefered days (Check all possible days)\n\t\t<\/p>\n\t\t<p><span class=\"wpcf7-form-control-wrap\" data-name=\"your-days\"><span class=\"wpcf7-form-control wpcf7-checkbox\"><span class=\"wpcf7-list-item first\"><input type=\"checkbox\" name=\"your-days[]\" value=\"Monday\" \/><span class=\"wpcf7-list-item-label\">Monday<\/span><\/span><span class=\"wpcf7-list-item\"><input type=\"checkbox\" name=\"your-days[]\" value=\"Tuesday\" \/><span class=\"wpcf7-list-item-label\">Tuesday<\/span><\/span><span class=\"wpcf7-list-item\"><input type=\"checkbox\" name=\"your-days[]\" value=\"Wednesday\" \/><span class=\"wpcf7-list-item-label\">Wednesday<\/span><\/span><span class=\"wpcf7-list-item\"><input type=\"checkbox\" name=\"your-days[]\" value=\"Thursday\" \/><span class=\"wpcf7-list-item-label\">Thursday<\/span><\/span><span class=\"wpcf7-list-item last\"><input type=\"checkbox\" name=\"your-days[]\" value=\"Friday\" \/><span class=\"wpcf7-list-item-label\">Friday<\/span><\/span><\/span><\/span>\n\t\t<\/p>\n\t<\/div>\n\t<p><input class=\"wpcf7-form-control has-spinner wpcf7-submit\" type=\"submit\" value=\"Next\" \/>\n\t<\/p>\n\t<div class=\"text-center\">\n\t\t<p>You have a question? <a href=\"#form-question\" style=\"color:#45338d\">Click here<\/a>\n\t\t<\/p>\n\t<\/div>\n<\/div><div class=\"wpcf7-response-output\" aria-hidden=\"true\"><\/div>\n<\/form>\n<\/div>\n\n\t\t\t\t<\/div>\n\t\t\t\t\t\t\t\t\n\t\t\t\t\t\t<\/div>\n\t\t\t\t\t<\/div><!--end row-->\n\t\t\t\t<\/div><!--end container-->\n\t\t\t<\/section>\n\t\t[\/vc_column][\/vc_row][vc_row][vc_column][vc_column_text css=&#8221;.vc_custom_1589674738130{padding-top: 4.5em !important;}&#8221;]<\/p>\n<h3>Mini-Rhytidectomy \u00ab Mini-mini lift \u00bb Montreal<\/h3>\n<p>This new method, published and taught by Dr. Fanous, is a small \u00ab Optimum Mobility \u00bb Facelift. The upper neck is tightened with the \u2018Mini-Mini\u2019 lift, as well as the area along the jawline.<\/p>\n<p>Since it is a restricted surgery, it may be practiced under local anesthesia only. The case of the complete facelift is much longer than that of a \u2018Mini-Mini\u2019 lift in terms of the duration of the surgery, as well as the recovery time.<\/p>\n<p>This technique has possible risks that are similar to that of a complete facelift (<a href=\"http:\/\/dr-nfanous.com\/en\/plastic-surgery\/face\/facelift-montreal\/\">please<\/a><br \/>\nread \u2018Facelift\u2019).[\/vc_column_text][\/vc_column][\/vc_row][vc_row full_width=&#8221;stretch_row&#8221;][vc_column el_class=&#8221;bg&#8211;dark&#8221;][vc_column_text css=&#8221;.vc_custom_1589674770214{margin-top: 35px !important;}&#8221;]<\/p>\n<h4 style=\"text-align: center;\">Book a consultation<br \/>\n<strong><a style=\"font-style: italic;\" href=\"tel:+15149355035\">514-935-5033<\/a><\/strong><\/h4>\n<p>[\/vc_column_text][\/vc_column][\/vc_row][vc_row el_class=&#8221;bg&#8211;white&#8221; css=&#8221;.vc_custom_1465559832571{padding-top: 70px !important;padding-bottom: 70px !important;}&#8221;][vc_column]<div class=\"pillars-1\">\n\t<div class=\"slider\" data-items=\"6\" data-timing=\"3000\">\n\t\t<ul class=\"slides client-slides\">\n\t\t\t\n<li>\n\t<a href=\"https:\/\/www.youtube.com\/watch?v=tEnu6D1jzK0\" target=\"_blank\"><img loading=\"lazy\" decoding=\"async\" width=\"300\" height=\"84\" src=\"https:\/\/dr-nfanous.com\/wp-content\/uploads\/2016\/10\/logo-deux-filles-le-matin-300x84.png\" class=\"attachment-medium size-medium wp-post-image\" alt=\"\" srcset=\"https:\/\/dr-nfanous.com\/wp-content\/uploads\/2016\/10\/logo-deux-filles-le-matin-300x84.png 300w, https:\/\/dr-nfanous.com\/wp-content\/uploads\/2016\/10\/logo-deux-filles-le-matin.png 500w\" sizes=\"auto, (max-width: 300px) 100vw, 300px\" \/><\/a><\/li>\n<li>\n\t<a href=\"http:\/\/affaires.lapresse.ca\/economie\/sante\/201401\/04\/01-4725637-chirurgie-esthetique-place-aux-hommes.php\" target=\"_blank\"><img loading=\"lazy\" decoding=\"async\" width=\"300\" height=\"84\" src=\"https:\/\/dr-nfanous.com\/wp-content\/uploads\/2016\/10\/logo-lapresse-300x84.png\" class=\"attachment-medium size-medium wp-post-image\" alt=\"\" srcset=\"https:\/\/dr-nfanous.com\/wp-content\/uploads\/2016\/10\/logo-lapresse-300x84.png 300w, https:\/\/dr-nfanous.com\/wp-content\/uploads\/2016\/10\/logo-lapresse.png 500w\" sizes=\"auto, (max-width: 300px) 100vw, 300px\" \/><\/a><\/li>\n<li>\n\t<a href=\"http:\/\/journalmetro.com\/plus\/sante\/43176\/chirurgie-esthetique-faire-plus-avec-moins\/\" target=\"_blank\"><img loading=\"lazy\" decoding=\"async\" width=\"300\" height=\"84\" src=\"https:\/\/dr-nfanous.com\/wp-content\/uploads\/2016\/10\/logo-metro-300x84.png\" class=\"attachment-medium size-medium wp-post-image\" alt=\"\" srcset=\"https:\/\/dr-nfanous.com\/wp-content\/uploads\/2016\/10\/logo-metro-300x84.png 300w, https:\/\/dr-nfanous.com\/wp-content\/uploads\/2016\/10\/logo-metro.png 500w\" sizes=\"auto, (max-width: 300px) 100vw, 300px\" \/><\/a><\/li>\n<li>\n\t<a href=\"http:\/\/clindoeil.ca\/beaute\/cest-hot\/comment-choisir-le-bon-chirurgien\" target=\"_blank\"><img loading=\"lazy\" decoding=\"async\" width=\"300\" height=\"84\" src=\"https:\/\/dr-nfanous.com\/wp-content\/uploads\/2016\/10\/logo-clin-doeil-300x84.png\" class=\"attachment-medium size-medium wp-post-image\" alt=\"\" srcset=\"https:\/\/dr-nfanous.com\/wp-content\/uploads\/2016\/10\/logo-clin-doeil-300x84.png 300w, https:\/\/dr-nfanous.com\/wp-content\/uploads\/2016\/10\/logo-clin-doeil.png 500w\" sizes=\"auto, (max-width: 300px) 100vw, 300px\" \/><\/a><\/li>\n<li>\n\t<a href=\"http:\/\/www.journaldemontreal.com\/24heures\" target=\"_blank\"><img loading=\"lazy\" decoding=\"async\" width=\"300\" height=\"84\" src=\"https:\/\/dr-nfanous.com\/wp-content\/uploads\/2016\/10\/logo-24h-300x84.png\" class=\"attachment-medium size-medium wp-post-image\" alt=\"\" srcset=\"https:\/\/dr-nfanous.com\/wp-content\/uploads\/2016\/10\/logo-24h-300x84.png 300w, https:\/\/dr-nfanous.com\/wp-content\/uploads\/2016\/10\/logo-24h.png 500w\" sizes=\"auto, (max-width: 300px) 100vw, 300px\" \/><\/a><\/li>\n<li>\n\t<a href=\"http:\/\/fr.chatelaine.com\/chadi-ghafari\/\" target=\"_blank\"><img loading=\"lazy\" decoding=\"async\" width=\"300\" height=\"84\" src=\"https:\/\/dr-nfanous.com\/wp-content\/uploads\/2016\/10\/logo-chatelaine-300x84.png\" class=\"attachment-medium size-medium wp-post-image\" alt=\"\" srcset=\"https:\/\/dr-nfanous.com\/wp-content\/uploads\/2016\/10\/logo-chatelaine-300x84.png 300w, https:\/\/dr-nfanous.com\/wp-content\/uploads\/2016\/10\/logo-chatelaine.png 500w\" sizes=\"auto, (max-width: 300px) 100vw, 300px\" \/><\/a><\/li>\n<li>\n\t<a href=\"http:\/\/montrealgazette.com\/\" target=\"_blank\"><img loading=\"lazy\" decoding=\"async\" width=\"300\" height=\"84\" src=\"https:\/\/dr-nfanous.com\/wp-content\/uploads\/2016\/10\/logo-gazette-300x84.png\" class=\"attachment-medium size-medium wp-post-image\" alt=\"\" srcset=\"https:\/\/dr-nfanous.com\/wp-content\/uploads\/2016\/10\/logo-gazette-300x84.png 300w, https:\/\/dr-nfanous.com\/wp-content\/uploads\/2016\/10\/logo-gazette.png 500w\" sizes=\"auto, (max-width: 300px) 100vw, 300px\" \/><\/a><\/li>\n<li>\n\t<a href=\"https:\/\/www.youtube.com\/watch?v=9RF0-dbck28\" target=\"_blank\"><img loading=\"lazy\" decoding=\"async\" width=\"300\" height=\"84\" src=\"https:\/\/dr-nfanous.com\/wp-content\/uploads\/2016\/10\/logo-cbc-300x84.png\" class=\"attachment-medium size-medium wp-post-image\" alt=\"\" srcset=\"https:\/\/dr-nfanous.com\/wp-content\/uploads\/2016\/10\/logo-cbc-300x84.png 300w, https:\/\/dr-nfanous.com\/wp-content\/uploads\/2016\/10\/logo-cbc.png 500w\" sizes=\"auto, (max-width: 300px) 100vw, 300px\" \/><\/a><\/li>\n<li>\n\t<a href=\"http:\/\/www.ctvnews.ca\/doc-says-quebec-women-shortchanged-on-breast-implants-1.399452\" target=\"_blank\"><img loading=\"lazy\" decoding=\"async\" width=\"300\" height=\"84\" src=\"https:\/\/dr-nfanous.com\/wp-content\/uploads\/2016\/10\/logo-ctv-300x84.png\" class=\"attachment-medium size-medium wp-post-image\" alt=\"\" srcset=\"https:\/\/dr-nfanous.com\/wp-content\/uploads\/2016\/10\/logo-ctv-300x84.png 300w, https:\/\/dr-nfanous.com\/wp-content\/uploads\/2016\/10\/logo-ctv.png 500w\" sizes=\"auto, (max-width: 300px) 100vw, 300px\" \/><\/a><\/li>\t\t<\/ul>\n\t<\/div>\n<\/div>[\/vc_column][\/vc_row][vc_row el_id=&#8221;form-question&#8221;][vc_column][vc_column_text]<\/p>\n<h4 style=\"text-align: center;\">You have a question?<\/h4>\n<p style=\"text-align: center;\"><strong>Ask Dr Fanous!<\/strong><\/p>\n<p>[\/vc_column_text]\n<div class=\"wpcf7 no-js\" id=\"wpcf7-f1554-o2\" lang=\"fr-FR\" dir=\"ltr\">\n<div class=\"screen-reader-response\"><p role=\"status\" aria-live=\"polite\" aria-atomic=\"true\"><\/p> <ul><\/ul><\/div>\n<form action=\"\/en\/wp-json\/wp\/v2\/pages\/11308#wpcf7-f1554-o2\" method=\"post\" class=\"wpcf7-form init\" aria-label=\"Formulaire de contact\" novalidate=\"novalidate\" data-status=\"init\">\n<div style=\"display: none;\">\n<input type=\"hidden\" name=\"_wpcf7\" value=\"1554\" \/>\n<input type=\"hidden\" name=\"_wpcf7_version\" value=\"5.7.7\" \/>\n<input type=\"hidden\" name=\"_wpcf7_locale\" value=\"fr_FR\" \/>\n<input type=\"hidden\" name=\"_wpcf7_unit_tag\" value=\"wpcf7-f1554-o2\" \/>\n<input type=\"hidden\" name=\"_wpcf7_container_post\" value=\"0\" \/>\n<input type=\"hidden\" name=\"_wpcf7_posted_data_hash\" value=\"\" \/>\n<input type=\"hidden\" name=\"_wpcf7_recaptcha_response\" value=\"\" \/>\n<\/div>\n<div class=\"form--square form-email\">\n\t<div class=\"input-with-icon col-sm-12\">\n\t\t<p><i class=\"icon-MaleFemale\"><\/i><span class=\"wpcf7-form-control-wrap\" data-name=\"your-name\"><input size=\"40\" class=\"wpcf7-form-control wpcf7-text wpcf7-validates-as-required\" aria-required=\"true\" aria-invalid=\"false\" placeholder=\"Full name *\" value=\"\" type=\"text\" name=\"your-name\" \/><\/span>\n\t\t<\/p>\n\t<\/div>\n\t<div class=\"input-with-icon col-sm-6\">\n\t\t<p><i class=\"icon-Email\"><\/i><span class=\"wpcf7-form-control-wrap\" data-name=\"your-email\"><input size=\"40\" class=\"wpcf7-form-control wpcf7-text wpcf7-email wpcf7-validates-as-required wpcf7-validates-as-email\" aria-required=\"true\" aria-invalid=\"false\" placeholder=\"Email *\" value=\"\" type=\"email\" name=\"your-email\" \/><\/span>\n\t\t<\/p>\n\t<\/div>\n\t<div class=\"input-with-icon col-sm-6\">\n\t\t<p><i class=\"icon-Phone-2\"><\/i><span class=\"wpcf7-form-control-wrap\" data-name=\"your-phone\"><input size=\"40\" class=\"wpcf7-form-control wpcf7-text wpcf7-validates-as-required\" aria-required=\"true\" aria-invalid=\"false\" placeholder=\"Phone\" value=\"\" type=\"text\" name=\"your-phone\" \/><\/span>\n\t\t<\/p>\n\t<\/div>\n\t<div class=\"col-sm-12\">\n\t\t<p><span class=\"wpcf7-form-control-wrap\" data-name=\"your-message\"><textarea cols=\"40\" rows=\"10\" class=\"wpcf7-form-control wpcf7-textarea\" aria-invalid=\"false\" placeholder=\"Message\" name=\"your-message\"><\/textarea><\/span>\n\t\t<\/p>\n\t<\/div>\n\t<div class=\"col-sm-12\">\n\t\t<p><input class=\"wpcf7-form-control has-spinner wpcf7-submit\" type=\"submit\" value=\"Next\" \/>\n\t\t<\/p>\n\t<\/div>\n<\/div><div class=\"wpcf7-response-output\" aria-hidden=\"true\"><\/div>\n<\/form>\n<\/div>\n[\/vc_column][\/vc_row]<\/p>\n<\/section>","protected":false},"excerpt":{"rendered":"<p>[vc_row full_width=&#8221;stretch_row&#8221;][vc_column][\/vc_column][\/vc_row][vc_row][vc_column][vc_column_text css=&#8221;.vc_custom_1589674738130{padding-top: 4.5em !important;}&#8221;] Mini-Rhytidectomy \u00ab Mini-mini lift \u00bb Montreal This new method, published and taught by Dr. Fanous, is a small \u00ab Optimum Mobility \u00bb Facelift. The upper neck is tightened with the \u2018Mini-Mini\u2019 lift, as well as the area along the jawline. Since it is a restricted surgery, it may be practiced [&hellip;]<\/p>\n","protected":false},"author":3,"featured_media":0,"parent":1764,"menu_order":0,"comment_status":"closed","ping_status":"closed","template":"","meta":{"footnotes":""},"class_list":["post-11308","page","type-page","status-publish","hentry"],"yoast_head":"<!-- This site is optimized with the Yoast SEO plugin v20.8 - https:\/\/yoast.com\/wordpress\/plugins\/seo\/ -->\n<title>Mini-Rhytidectomie \u00ab Mini-mini lift \u00bb Montr\u00e9al - Dr Nabil Fanous<\/title>\n<meta name=\"description\" content=\"Dr. Fanous a publie\u0301 et enseigne\u0301 une nouvelle technique de facelift sous le nom de \u00ab Mobilite\u0301 Optimale \u00bb. Le \u00ab Mini-Mini \u00bb lift est une petite version de celui-ci.\" \/>\n<meta name=\"robots\" content=\"index, follow, max-snippet:-1, max-image-preview:large, max-video-preview:-1\" \/>\n<link rel=\"canonical\" href=\"https:\/\/dr-nfanous.com\/en\/plastic-surgery\/face\/mini-facelift\/\" \/>\n<meta property=\"og:locale\" content=\"en_US\" \/>\n<meta property=\"og:type\" content=\"article\" \/>\n<meta property=\"og:title\" content=\"Mini-Rhytidectomie \u00ab Mini-mini lift \u00bb Montr\u00e9al - Dr Nabil Fanous\" \/>\n<meta property=\"og:description\" content=\"Dr. Fanous a publie\u0301 et enseigne\u0301 une nouvelle technique de facelift sous le nom de \u00ab Mobilite\u0301 Optimale \u00bb. Le \u00ab Mini-Mini \u00bb lift est une petite version de celui-ci.\" \/>\n<meta property=\"og:url\" content=\"https:\/\/dr-nfanous.com\/en\/plastic-surgery\/face\/mini-facelift\/\" \/>\n<meta property=\"og:site_name\" content=\"Dr Nabil Fanous - Montr\u00e9al\" \/>\n<meta property=\"article:modified_time\" content=\"2020-05-17T00:19:32+00:00\" \/>\n<meta name=\"twitter:card\" content=\"summary_large_image\" \/>\n<meta name=\"twitter:label1\" content=\"Est. reading time\" \/>\n\t<meta name=\"twitter:data1\" content=\"1 minute\" \/>\n<script type=\"application\/ld+json\" class=\"yoast-schema-graph\">{\"@context\":\"https:\/\/schema.org\",\"@graph\":[{\"@type\":\"WebPage\",\"@id\":\"https:\/\/dr-nfanous.com\/en\/plastic-surgery\/face\/mini-facelift\/\",\"url\":\"https:\/\/dr-nfanous.com\/en\/plastic-surgery\/face\/mini-facelift\/\",\"name\":\"Mini-Rhytidectomie \u00ab Mini-mini lift \u00bb Montr\u00e9al - Dr Nabil Fanous\",\"isPartOf\":{\"@id\":\"https:\/\/dr-nfanous.com\/#website\"},\"datePublished\":\"2020-03-12T19:47:51+00:00\",\"dateModified\":\"2020-05-17T00:19:32+00:00\",\"description\":\"Dr. Fanous a publie\u0301 et enseigne\u0301 une nouvelle technique de facelift sous le nom de \u00ab Mobilite\u0301 Optimale \u00bb. Le \u00ab Mini-Mini \u00bb lift est une petite version de celui-ci.\",\"breadcrumb\":{\"@id\":\"https:\/\/dr-nfanous.com\/en\/plastic-surgery\/face\/mini-facelift\/#breadcrumb\"},\"inLanguage\":\"en-US\",\"potentialAction\":[{\"@type\":\"ReadAction\",\"target\":[\"https:\/\/dr-nfanous.com\/en\/plastic-surgery\/face\/mini-facelift\/\"]}]},{\"@type\":\"BreadcrumbList\",\"@id\":\"https:\/\/dr-nfanous.com\/en\/plastic-surgery\/face\/mini-facelift\/#breadcrumb\",\"itemListElement\":[{\"@type\":\"ListItem\",\"position\":1,\"name\":\"Accueil\",\"item\":\"https:\/\/dr-nfanous.com\/en\/\"},{\"@type\":\"ListItem\",\"position\":2,\"name\":\"Plastic surgery\",\"item\":\"https:\/\/dr-nfanous.com\/en\/plastic-surgery\/\"},{\"@type\":\"ListItem\",\"position\":3,\"name\":\"Face Surgeries\",\"item\":\"https:\/\/dr-nfanous.com\/en\/plastic-surgery\/face\/\"},{\"@type\":\"ListItem\",\"position\":4,\"name\":\"Mini-facelift\"}]},{\"@type\":\"WebSite\",\"@id\":\"https:\/\/dr-nfanous.com\/#website\",\"url\":\"https:\/\/dr-nfanous.com\/\",\"name\":\"Dr Nabil Fanous - Montr\u00e9al\",\"description\":\"Chirurgien Esth\u00e9tique \u00e0 Montr\u00e9al\",\"potentialAction\":[{\"@type\":\"SearchAction\",\"target\":{\"@type\":\"EntryPoint\",\"urlTemplate\":\"https:\/\/dr-nfanous.com\/?s={search_term_string}\"},\"query-input\":\"required name=search_term_string\"}],\"inLanguage\":\"en-US\"}]}<\/script>\n<!-- \/ Yoast SEO plugin. -->","yoast_head_json":{"title":"Mini-Rhytidectomie \u00ab Mini-mini lift \u00bb Montr\u00e9al - Dr Nabil Fanous","description":"Dr. Fanous a publie\u0301 et enseigne\u0301 une nouvelle technique de facelift sous le nom de \u00ab Mobilite\u0301 Optimale \u00bb. Le \u00ab Mini-Mini \u00bb lift est une petite version de celui-ci.","robots":{"index":"index","follow":"follow","max-snippet":"max-snippet:-1","max-image-preview":"max-image-preview:large","max-video-preview":"max-video-preview:-1"},"canonical":"https:\/\/dr-nfanous.com\/en\/plastic-surgery\/face\/mini-facelift\/","og_locale":"en_US","og_type":"article","og_title":"Mini-Rhytidectomie \u00ab Mini-mini lift \u00bb Montr\u00e9al - Dr Nabil Fanous","og_description":"Dr. Fanous a publie\u0301 et enseigne\u0301 une nouvelle technique de facelift sous le nom de \u00ab Mobilite\u0301 Optimale \u00bb. Le \u00ab Mini-Mini \u00bb lift est une petite version de celui-ci.","og_url":"https:\/\/dr-nfanous.com\/en\/plastic-surgery\/face\/mini-facelift\/","og_site_name":"Dr Nabil Fanous - Montr\u00e9al","article_modified_time":"2020-05-17T00:19:32+00:00","twitter_card":"summary_large_image","twitter_misc":{"Est. reading time":"1 minute"},"schema":{"@context":"https:\/\/schema.org","@graph":[{"@type":"WebPage","@id":"https:\/\/dr-nfanous.com\/en\/plastic-surgery\/face\/mini-facelift\/","url":"https:\/\/dr-nfanous.com\/en\/plastic-surgery\/face\/mini-facelift\/","name":"Mini-Rhytidectomie \u00ab Mini-mini lift \u00bb Montr\u00e9al - Dr Nabil Fanous","isPartOf":{"@id":"https:\/\/dr-nfanous.com\/#website"},"datePublished":"2020-03-12T19:47:51+00:00","dateModified":"2020-05-17T00:19:32+00:00","description":"Dr. Fanous a publie\u0301 et enseigne\u0301 une nouvelle technique de facelift sous le nom de \u00ab Mobilite\u0301 Optimale \u00bb. Le \u00ab Mini-Mini \u00bb lift est une petite version de celui-ci.","breadcrumb":{"@id":"https:\/\/dr-nfanous.com\/en\/plastic-surgery\/face\/mini-facelift\/#breadcrumb"},"inLanguage":"en-US","potentialAction":[{"@type":"ReadAction","target":["https:\/\/dr-nfanous.com\/en\/plastic-surgery\/face\/mini-facelift\/"]}]},{"@type":"BreadcrumbList","@id":"https:\/\/dr-nfanous.com\/en\/plastic-surgery\/face\/mini-facelift\/#breadcrumb","itemListElement":[{"@type":"ListItem","position":1,"name":"Accueil","item":"https:\/\/dr-nfanous.com\/en\/"},{"@type":"ListItem","position":2,"name":"Plastic surgery","item":"https:\/\/dr-nfanous.com\/en\/plastic-surgery\/"},{"@type":"ListItem","position":3,"name":"Face Surgeries","item":"https:\/\/dr-nfanous.com\/en\/plastic-surgery\/face\/"},{"@type":"ListItem","position":4,"name":"Mini-facelift"}]},{"@type":"WebSite","@id":"https:\/\/dr-nfanous.com\/#website","url":"https:\/\/dr-nfanous.com\/","name":"Dr Nabil Fanous - Montr\u00e9al","description":"Chirurgien Esth\u00e9tique \u00e0 Montr\u00e9al","potentialAction":[{"@type":"SearchAction","target":{"@type":"EntryPoint","urlTemplate":"https:\/\/dr-nfanous.com\/?s={search_term_string}"},"query-input":"required name=search_term_string"}],"inLanguage":"en-US"}]}},"_links":{"self":[{"href":"https:\/\/dr-nfanous.com\/en\/wp-json\/wp\/v2\/pages\/11308","targetHints":{"allow":["GET"]}}],"collection":[{"href":"https:\/\/dr-nfanous.com\/en\/wp-json\/wp\/v2\/pages"}],"about":[{"href":"https:\/\/dr-nfanous.com\/en\/wp-json\/wp\/v2\/types\/page"}],"author":[{"embeddable":true,"href":"https:\/\/dr-nfanous.com\/en\/wp-json\/wp\/v2\/users\/3"}],"replies":[{"embeddable":true,"href":"https:\/\/dr-nfanous.com\/en\/wp-json\/wp\/v2\/comments?post=11308"}],"version-history":[{"count":2,"href":"https:\/\/dr-nfanous.com\/en\/wp-json\/wp\/v2\/pages\/11308\/revisions"}],"predecessor-version":[{"id":11325,"href":"https:\/\/dr-nfanous.com\/en\/wp-json\/wp\/v2\/pages\/11308\/revisions\/11325"}],"up":[{"embeddable":true,"href":"https:\/\/dr-nfanous.com\/en\/wp-json\/wp\/v2\/pages\/1764"}],"wp:attachment":[{"href":"https:\/\/dr-nfanous.com\/en\/wp-json\/wp\/v2\/media?parent=11308"}],"curies":[{"name":"wp","href":"https:\/\/api.w.org\/{rel}","templated":true}]}}