{"id":1587,"date":"2016-10-18T20:55:05","date_gmt":"2016-10-18T18:55:05","guid":{"rendered":"http:\/\/dr-nfanous.com\/en\/?page_id=1587"},"modified":"2018-05-22T02:04:30","modified_gmt":"2018-05-22T00:04:30","slug":"meet-your-doctor","status":"publish","type":"page","link":"https:\/\/dr-nfanous.com\/en\/plastic-surgery\/meet-your-doctor\/","title":{"rendered":"Meet your doctor"},"content":{"rendered":"<section class=\"wpb-content-wrapper\"><p>[vc_row parallax=&#8221;content-moving&#8221; parallax_image=&#8221;88&#8243; css=&#8221;.vc_custom_1464801912565{padding-top: 250px !important;padding-bottom: 220px !important;}&#8221;][vc_column][vc_column_text css_animation=&#8221;bottom-to-top&#8221;]<\/p>\n<h1 style=\"text-align: center;\">Your surgeon<\/h1>\n<h3 style=\"text-align: center;\">Dr. Fanous M.D., O.R.L., F.R.C.S.(C)<br \/>\nHow to choose a surgeon for your cosmetic surgery?<\/h3>\n<p>[\/vc_column_text][\/vc_column][\/vc_row][vc_row full_width=&#8221;stretch_row&#8221;][vc_column]\n\t\t\t<section class=\"imageblock\">\n\t\t\t\t<div class=\"imageblock__content col-md-6 col-sm-4 pos-left\">\n\t\t\t\t\t<div class=\"background-image-holder\">\n\t\t\t\t\t\t<img loading=\"lazy\" decoding=\"async\" width=\"599\" height=\"599\" src=\"https:\/\/dr-nfanous.com\/wp-content\/uploads\/2016\/10\/dr-nabil-fanous.jpg\" class=\"attachment-full size-full\" alt=\"\" srcset=\"https:\/\/dr-nfanous.com\/wp-content\/uploads\/2016\/10\/dr-nabil-fanous.jpg 599w, https:\/\/dr-nfanous.com\/wp-content\/uploads\/2016\/10\/dr-nabil-fanous-150x150.jpg 150w, https:\/\/dr-nfanous.com\/wp-content\/uploads\/2016\/10\/dr-nabil-fanous-300x300.jpg 300w, https:\/\/dr-nfanous.com\/wp-content\/uploads\/2016\/10\/dr-nabil-fanous-60x60.jpg 60w\" sizes=\"auto, (max-width: 599px) 100vw, 599px\" \/>\n\t\t\t\t\t<\/div>\n\t\t\t\t<\/div>\n\t\t\t\t<div class=\"col-md-6 col-md-push-6 col-sm-8 col-sm-push-4\">\n\t\t\t\t\t<div class=\"col-md-6 col-md-offset-3 col-sm-8 col-sm-offset-2\">\n\t\t\t\t\t\t[vc_column_text]<\/p>\n<h4>It is very important to find the right surgeon for your cosmetic surgery no matter where you live.<\/h4>\n<p>In-depth knowledge, combined with a lot of experience, is what to look for when selecting a surgeon to perform your cosmetic surgery.<br \/>\nThe surgeon, must perform the necessary changes in a delicate manner, while taking into consideration the healing and the final outcome.<\/p>\n<p>Every cosmetic plastic surgery requires that all the technical capacities and good judgment of the surgeon are applied to obtain a natural, satisfying and harmonious result for the patient.[\/vc_column_text]\n\t\t\t\t\t<\/div>\n\t\t\t\t<\/div>\n\t\t\t<\/section>\n\t\t[\/vc_column][\/vc_row][vc_row full_width=&#8221;stretch_row&#8221;][vc_column]\n\t\t\t<section class=\"imageblock\">\n\t\t\t\t<div class=\"imageblock__content col-md-6 col-sm-4 pos-right\">\n\t\t\t\t\t<div class=\"background-image-holder\">\n\t\t\t\t\t\t<img loading=\"lazy\" decoding=\"async\" width=\"1600\" height=\"1068\" src=\"https:\/\/dr-nfanous.com\/wp-content\/uploads\/2016\/06\/Unknown-3-1.jpeg\" class=\"attachment-full size-full\" alt=\"\" srcset=\"https:\/\/dr-nfanous.com\/wp-content\/uploads\/2016\/06\/Unknown-3-1.jpeg 1600w, https:\/\/dr-nfanous.com\/wp-content\/uploads\/2016\/06\/Unknown-3-1-300x200.jpeg 300w, https:\/\/dr-nfanous.com\/wp-content\/uploads\/2016\/06\/Unknown-3-1-768x513.jpeg 768w, https:\/\/dr-nfanous.com\/wp-content\/uploads\/2016\/06\/Unknown-3-1-1024x684.jpeg 1024w\" sizes=\"auto, (max-width: 1600px) 100vw, 1600px\" \/>\n\t\t\t\t\t<\/div>\n\t\t\t\t<\/div>\n\t\t\t\t<div class=\"col-md-6 col-sm-8\">\n\t\t\t\t\t<div class=\"col-md-6 col-md-offset-3 col-sm-8 col-sm-offset-2\">\n\t\t\t\t\t\t[vc_column_text]Every cosmetic plastic surgery is a precise surgical procedure for the cosmetic surgeon. In-depth knowledge of the anatomical structures, combined with a lot of experience, is needed, as well as the ability to visualize the future result in the whole of the face.<\/p>\n<p>Every cosmetic surgery requires that the good judgment of the surgeon and his talent are applied to obtain a natural, satisfying and harmonious outcome.<\/p>\n<p>The result obtained after the operating room is not the final result. An experience surgeon in cosmetic surgery must have the ability to predict the outcome of the surgery after the swelling has disappeared, following a period of recovery and healing.<br \/>\nEspecially, the patients satisfaction based on a natural appearance of their face and body after their cosmetic plastic surgery is paramount.<\/p>\n<p>For Dr. Nabil Fanous, the natural look of a cosmetic plastic surgery is his main focus when practicing cosmetic surgery.<\/p>\n<p>Over 15 years of experience in cosmetic surgery and performing thousands of plastic cosmetic procedures make Dr. Nabil Fanous an experience surgeon when it comes to cosmetic surgery.[\/vc_column_text]\n\t\t\t\t\t<\/div>\n\t\t\t\t<\/div>\n\t\t\t<\/section>\n\t\t\n\t\t\t<section class=\"imageblock\">\n\t\t\t\t<div class=\"imageblock__content col-md-6 col-sm-4 pos-left\">\n\t\t\t\t\t<div class=\"background-image-holder\">\n\t\t\t\t\t\t<img loading=\"lazy\" decoding=\"async\" width=\"1600\" height=\"1067\" src=\"https:\/\/dr-nfanous.com\/wp-content\/uploads\/2016\/06\/Unknown-15.jpeg\" class=\"attachment-full size-full\" alt=\"\" srcset=\"https:\/\/dr-nfanous.com\/wp-content\/uploads\/2016\/06\/Unknown-15.jpeg 1600w, https:\/\/dr-nfanous.com\/wp-content\/uploads\/2016\/06\/Unknown-15-300x200.jpeg 300w, https:\/\/dr-nfanous.com\/wp-content\/uploads\/2016\/06\/Unknown-15-768x512.jpeg 768w, https:\/\/dr-nfanous.com\/wp-content\/uploads\/2016\/06\/Unknown-15-1024x683.jpeg 1024w\" sizes=\"auto, (max-width: 1600px) 100vw, 1600px\" \/>\n\t\t\t\t\t<\/div>\n\t\t\t\t<\/div>\n\t\t\t\t<div class=\"col-md-6 col-md-push-6 col-sm-8 col-sm-push-4\">\n\t\t\t\t\t<div class=\"col-md-6 col-md-offset-3 col-sm-8 col-sm-offset-2\">\n\t\t\t\t\t\t[vc_column_text]Dr. Nabil Fanous is certified by the highest levels of recognition:<\/p>\n<ul>\n<li>The American Board of Cosmetic Surgery<\/li>\n<li>The American Board of Facial Plastic Surgery<\/li>\n<li>The American Board of Head &amp; Neck Surgery and O.T.L<\/li>\n<\/ul>\n<p>Dr. Nabil Fanous has a vast experience in all kinds of cosmetic plastic surgeries, both aesthetic and functional, and has successfully practiced thousands of cosmetic surgeries since the beginning of his practice.[\/vc_column_text]\n\t\t\t\t\t<\/div>\n\t\t\t\t<\/div>\n\t\t\t<\/section>\n\t\t[\/vc_column][\/vc_row][vc_row parallax=&#8221;content-moving&#8221; parallax_image=&#8221;202&#8243;][vc_column][vc_column_text css=&#8221;.vc_custom_1476817511784{margin-bottom: 0px !important;}&#8221;]<\/p>\n<h4 style=\"text-align: center;\">Contact us for a consultation<\/h4>\n<p style=\"text-align: center;\"><a class=\"btn btn--primary\" href=\"\/beta\/en\/contact-surgeon-montreal\/\"><span class=\"btn__text\">BOOK AN APPOINTMENT<\/span><\/a><\/p>\n<p>[\/vc_column_text][\/vc_column][\/vc_row]<\/p>\n<\/section>","protected":false},"excerpt":{"rendered":"<p>[vc_row parallax=&#8221;content-moving&#8221; parallax_image=&#8221;88&#8243; css=&#8221;.vc_custom_1464801912565{padding-top: 250px !important;padding-bottom: 220px !important;}&#8221;][vc_column][vc_column_text css_animation=&#8221;bottom-to-top&#8221;] Your surgeon Dr. Fanous M.D., O.R.L., F.R.C.S.(C) How to choose a surgeon for your cosmetic surgery? [\/vc_column_text][\/vc_column][\/vc_row][vc_row full_width=&#8221;stretch_row&#8221;][vc_column][\/vc_column][\/vc_row][vc_row full_width=&#8221;stretch_row&#8221;][vc_column][\/vc_column][\/vc_row][vc_row parallax=&#8221;content-moving&#8221; parallax_image=&#8221;202&#8243;][vc_column][vc_column_text css=&#8221;.vc_custom_1476817511784{margin-bottom: 0px !important;}&#8221;] Contact us for a consultation BOOK AN APPOINTMENT [\/vc_column_text][\/vc_column][\/vc_row]<\/p>\n","protected":false},"author":1,"featured_media":0,"parent":1945,"menu_order":0,"comment_status":"closed","ping_status":"closed","template":"","meta":{"footnotes":""},"class_list":["post-1587","page","type-page","status-publish","hentry"],"yoast_head":"<!-- This site is optimized with the Yoast SEO plugin v20.8 - https:\/\/yoast.com\/wordpress\/plugins\/seo\/ -->\n<title>Dr. Nabil Fanous, Plastic Surgeon, Book an Appointement<\/title>\n<meta name=\"description\" content=\"It is very important to find the right surgeon for cosmetic surgery au 1 Westmount Square, Office1380 Westmont.\" \/>\n<meta name=\"robots\" content=\"index, follow, max-snippet:-1, max-image-preview:large, max-video-preview:-1\" \/>\n<link rel=\"canonical\" href=\"https:\/\/dr-nfanous.com\/en\/plastic-surgery\/meet-your-doctor\/\" \/>\n<meta property=\"og:locale\" content=\"en_US\" \/>\n<meta property=\"og:type\" content=\"article\" \/>\n<meta property=\"og:title\" content=\"Dr. Nabil Fanous, Plastic Surgeon, Book an Appointement\" \/>\n<meta property=\"og:description\" content=\"It is very important to find the right surgeon for cosmetic surgery au 1 Westmount Square, Office1380 Westmont.\" \/>\n<meta property=\"og:url\" content=\"https:\/\/dr-nfanous.com\/en\/plastic-surgery\/meet-your-doctor\/\" \/>\n<meta property=\"og:site_name\" content=\"Dr Nabil Fanous - Montr\u00e9al\" \/>\n<meta property=\"article:modified_time\" content=\"2018-05-22T00:04:30+00:00\" \/>\n<meta name=\"twitter:card\" content=\"summary_large_image\" \/>\n<meta name=\"twitter:label1\" content=\"Est. reading time\" \/>\n\t<meta name=\"twitter:data1\" content=\"2 minutes\" \/>\n<script type=\"application\/ld+json\" class=\"yoast-schema-graph\">{\"@context\":\"https:\/\/schema.org\",\"@graph\":[{\"@type\":\"WebPage\",\"@id\":\"https:\/\/dr-nfanous.com\/en\/plastic-surgery\/meet-your-doctor\/\",\"url\":\"https:\/\/dr-nfanous.com\/en\/plastic-surgery\/meet-your-doctor\/\",\"name\":\"Dr. Nabil Fanous, Plastic Surgeon, Book an Appointement\",\"isPartOf\":{\"@id\":\"https:\/\/dr-nfanous.com\/#website\"},\"datePublished\":\"2016-10-18T18:55:05+00:00\",\"dateModified\":\"2018-05-22T00:04:30+00:00\",\"description\":\"It is very important to find the right surgeon for cosmetic surgery au 1 Westmount Square, Office1380 Westmont.\",\"breadcrumb\":{\"@id\":\"https:\/\/dr-nfanous.com\/en\/plastic-surgery\/meet-your-doctor\/#breadcrumb\"},\"inLanguage\":\"en-US\",\"potentialAction\":[{\"@type\":\"ReadAction\",\"target\":[\"https:\/\/dr-nfanous.com\/en\/plastic-surgery\/meet-your-doctor\/\"]}]},{\"@type\":\"BreadcrumbList\",\"@id\":\"https:\/\/dr-nfanous.com\/en\/plastic-surgery\/meet-your-doctor\/#breadcrumb\",\"itemListElement\":[{\"@type\":\"ListItem\",\"position\":1,\"name\":\"Accueil\",\"item\":\"https:\/\/dr-nfanous.com\/en\/\"},{\"@type\":\"ListItem\",\"position\":2,\"name\":\"Plastic surgery\",\"item\":\"https:\/\/dr-nfanous.com\/en\/plastic-surgery\/\"},{\"@type\":\"ListItem\",\"position\":3,\"name\":\"Meet your doctor\"}]},{\"@type\":\"WebSite\",\"@id\":\"https:\/\/dr-nfanous.com\/#website\",\"url\":\"https:\/\/dr-nfanous.com\/\",\"name\":\"Dr Nabil Fanous - Montr\u00e9al\",\"description\":\"Chirurgien Esth\u00e9tique \u00e0 Montr\u00e9al\",\"potentialAction\":[{\"@type\":\"SearchAction\",\"target\":{\"@type\":\"EntryPoint\",\"urlTemplate\":\"https:\/\/dr-nfanous.com\/?s={search_term_string}\"},\"query-input\":\"required name=search_term_string\"}],\"inLanguage\":\"en-US\"}]}<\/script>\n<!-- \/ Yoast SEO plugin. -->","yoast_head_json":{"title":"Dr. Nabil Fanous, Plastic Surgeon, Book an Appointement","description":"It is very important to find the right surgeon for cosmetic surgery au 1 Westmount Square, Office1380 Westmont.","robots":{"index":"index","follow":"follow","max-snippet":"max-snippet:-1","max-image-preview":"max-image-preview:large","max-video-preview":"max-video-preview:-1"},"canonical":"https:\/\/dr-nfanous.com\/en\/plastic-surgery\/meet-your-doctor\/","og_locale":"en_US","og_type":"article","og_title":"Dr. Nabil Fanous, Plastic Surgeon, Book an Appointement","og_description":"It is very important to find the right surgeon for cosmetic surgery au 1 Westmount Square, Office1380 Westmont.","og_url":"https:\/\/dr-nfanous.com\/en\/plastic-surgery\/meet-your-doctor\/","og_site_name":"Dr Nabil Fanous - Montr\u00e9al","article_modified_time":"2018-05-22T00:04:30+00:00","twitter_card":"summary_large_image","twitter_misc":{"Est. reading time":"2 minutes"},"schema":{"@context":"https:\/\/schema.org","@graph":[{"@type":"WebPage","@id":"https:\/\/dr-nfanous.com\/en\/plastic-surgery\/meet-your-doctor\/","url":"https:\/\/dr-nfanous.com\/en\/plastic-surgery\/meet-your-doctor\/","name":"Dr. Nabil Fanous, Plastic Surgeon, Book an Appointement","isPartOf":{"@id":"https:\/\/dr-nfanous.com\/#website"},"datePublished":"2016-10-18T18:55:05+00:00","dateModified":"2018-05-22T00:04:30+00:00","description":"It is very important to find the right surgeon for cosmetic surgery au 1 Westmount Square, Office1380 Westmont.","breadcrumb":{"@id":"https:\/\/dr-nfanous.com\/en\/plastic-surgery\/meet-your-doctor\/#breadcrumb"},"inLanguage":"en-US","potentialAction":[{"@type":"ReadAction","target":["https:\/\/dr-nfanous.com\/en\/plastic-surgery\/meet-your-doctor\/"]}]},{"@type":"BreadcrumbList","@id":"https:\/\/dr-nfanous.com\/en\/plastic-surgery\/meet-your-doctor\/#breadcrumb","itemListElement":[{"@type":"ListItem","position":1,"name":"Accueil","item":"https:\/\/dr-nfanous.com\/en\/"},{"@type":"ListItem","position":2,"name":"Plastic surgery","item":"https:\/\/dr-nfanous.com\/en\/plastic-surgery\/"},{"@type":"ListItem","position":3,"name":"Meet your doctor"}]},{"@type":"WebSite","@id":"https:\/\/dr-nfanous.com\/#website","url":"https:\/\/dr-nfanous.com\/","name":"Dr Nabil Fanous - Montr\u00e9al","description":"Chirurgien Esth\u00e9tique \u00e0 Montr\u00e9al","potentialAction":[{"@type":"SearchAction","target":{"@type":"EntryPoint","urlTemplate":"https:\/\/dr-nfanous.com\/?s={search_term_string}"},"query-input":"required name=search_term_string"}],"inLanguage":"en-US"}]}},"_links":{"self":[{"href":"https:\/\/dr-nfanous.com\/en\/wp-json\/wp\/v2\/pages\/1587","targetHints":{"allow":["GET"]}}],"collection":[{"href":"https:\/\/dr-nfanous.com\/en\/wp-json\/wp\/v2\/pages"}],"about":[{"href":"https:\/\/dr-nfanous.com\/en\/wp-json\/wp\/v2\/types\/page"}],"author":[{"embeddable":true,"href":"https:\/\/dr-nfanous.com\/en\/wp-json\/wp\/v2\/users\/1"}],"replies":[{"embeddable":true,"href":"https:\/\/dr-nfanous.com\/en\/wp-json\/wp\/v2\/comments?post=1587"}],"version-history":[{"count":7,"href":"https:\/\/dr-nfanous.com\/en\/wp-json\/wp\/v2\/pages\/1587\/revisions"}],"predecessor-version":[{"id":5925,"href":"https:\/\/dr-nfanous.com\/en\/wp-json\/wp\/v2\/pages\/1587\/revisions\/5925"}],"up":[{"embeddable":true,"href":"https:\/\/dr-nfanous.com\/en\/wp-json\/wp\/v2\/pages\/1945"}],"wp:attachment":[{"href":"https:\/\/dr-nfanous.com\/en\/wp-json\/wp\/v2\/media?parent=1587"}],"curies":[{"name":"wp","href":"https:\/\/api.w.org\/{rel}","templated":true}]}}