{"id":1617,"date":"2016-10-19T15:13:00","date_gmt":"2016-10-19T13:13:00","guid":{"rendered":"http:\/\/dr-nfanous.com\/en\/?page_id=1617"},"modified":"2016-10-24T20:17:48","modified_gmt":"2016-10-24T18:17:48","slug":"cosmetic-surgery-testimonials-montreal","status":"publish","type":"page","link":"https:\/\/dr-nfanous.com\/en\/plastic-surgery\/cosmetic-surgery-testimonials-montreal\/","title":{"rendered":"Testimonials"},"content":{"rendered":"<section class=\"wpb-content-wrapper\"><p>[vc_row][vc_column][vc_column_text]<\/p>\n<h2>Testimonials<\/h2>\n<p>[\/vc_column_text]<div class=\"row\">\n\t<div class=\"col-sm-4\">\n\t<div class=\"testimonial testimonial-1 text-center boxed bg--white\">\n\t\t<p>Years of debating and waiting brought me to the office of the best surgeon! I couldn\u2019t be happier with the A+ care and results. The staff and Dr. Fanous treated me with respect and dignity and helped me through the procedure with absolute ease.<\/p>\n<h5>Tanya, patient of Dr. Fanous<\/h5><span><\/span>\t<\/div>\n<\/div><div class=\"col-sm-4\">\n\t<div class=\"testimonial testimonial-1 text-center boxed bg--white\">\n\t\t<p>Dr. Fanous was amazing! When I came for my first appointment he answered all my questions and made sure I was comfortable with my decision. The day of my operation everything went very well, and I didn\u2019t have much pain. I would do it all over again since I love my results so much.<\/p>\n<h5>Kim, patient of Dr. Fanous<\/h5><span><\/span>\t<\/div>\n<\/div><div class=\"col-sm-4\">\n\t<div class=\"testimonial testimonial-1 text-center boxed bg--white\">\n\t\t<p>Dr. Fanous did a fantastic job. This was my first surgery and I didn\u2019t know what to expect. The whole process was very comfortable and the results were great as well \u2013 very natural looking. I would definitely recommend Dr. Fanous and his wonderful team.<\/p>\n<h5>Lisa, patient of Dr. Fanous<\/h5><span><\/span>\t<\/div>\n<\/div><\/div><!--end row-->[\/vc_column][\/vc_row]<\/p>\n<\/section>","protected":false},"excerpt":{"rendered":"<p>[vc_row][vc_column][vc_column_text] Testimonials [\/vc_column_text][\/vc_column][\/vc_row]<\/p>\n","protected":false},"author":1,"featured_media":0,"parent":1945,"menu_order":0,"comment_status":"closed","ping_status":"closed","template":"","meta":{"footnotes":""},"class_list":["post-1617","page","type-page","status-publish","hentry"],"yoast_head":"<!-- This site is optimized with the Yoast SEO plugin v20.8 - https:\/\/yoast.com\/wordpress\/plugins\/seo\/ -->\n<title>Testimonials Plastic Surgery Montreal - Dr Nabil Fanous<\/title>\n<meta name=\"description\" content=\"It is very important to find the right surgeon for cosmetic surgery au 1 Westmount Square, Office1380 Westmont.\" \/>\n<meta name=\"robots\" content=\"index, follow, max-snippet:-1, max-image-preview:large, max-video-preview:-1\" \/>\n<link rel=\"canonical\" href=\"https:\/\/dr-nfanous.com\/en\/plastic-surgery\/cosmetic-surgery-testimonials-montreal\/\" \/>\n<meta property=\"og:locale\" content=\"en_US\" \/>\n<meta property=\"og:type\" content=\"article\" \/>\n<meta property=\"og:title\" content=\"Testimonials Plastic Surgery Montreal - Dr Nabil Fanous\" \/>\n<meta property=\"og:description\" content=\"It is very important to find the right surgeon for cosmetic surgery au 1 Westmount Square, Office1380 Westmont.\" \/>\n<meta property=\"og:url\" content=\"https:\/\/dr-nfanous.com\/en\/plastic-surgery\/cosmetic-surgery-testimonials-montreal\/\" \/>\n<meta property=\"og:site_name\" content=\"Dr Nabil Fanous - Montr\u00e9al\" \/>\n<meta property=\"article:modified_time\" content=\"2016-10-24T18:17:48+00:00\" \/>\n<meta name=\"twitter:card\" content=\"summary_large_image\" \/>\n<script type=\"application\/ld+json\" class=\"yoast-schema-graph\">{\"@context\":\"https:\/\/schema.org\",\"@graph\":[{\"@type\":\"WebPage\",\"@id\":\"https:\/\/dr-nfanous.com\/en\/plastic-surgery\/cosmetic-surgery-testimonials-montreal\/\",\"url\":\"https:\/\/dr-nfanous.com\/en\/plastic-surgery\/cosmetic-surgery-testimonials-montreal\/\",\"name\":\"Testimonials Plastic Surgery Montreal - Dr Nabil Fanous\",\"isPartOf\":{\"@id\":\"https:\/\/dr-nfanous.com\/#website\"},\"datePublished\":\"2016-10-19T13:13:00+00:00\",\"dateModified\":\"2016-10-24T18:17:48+00:00\",\"description\":\"It is very important to find the right surgeon for cosmetic surgery au 1 Westmount Square, Office1380 Westmont.\",\"breadcrumb\":{\"@id\":\"https:\/\/dr-nfanous.com\/en\/plastic-surgery\/cosmetic-surgery-testimonials-montreal\/#breadcrumb\"},\"inLanguage\":\"en-US\",\"potentialAction\":[{\"@type\":\"ReadAction\",\"target\":[\"https:\/\/dr-nfanous.com\/en\/plastic-surgery\/cosmetic-surgery-testimonials-montreal\/\"]}]},{\"@type\":\"BreadcrumbList\",\"@id\":\"https:\/\/dr-nfanous.com\/en\/plastic-surgery\/cosmetic-surgery-testimonials-montreal\/#breadcrumb\",\"itemListElement\":[{\"@type\":\"ListItem\",\"position\":1,\"name\":\"Accueil\",\"item\":\"https:\/\/dr-nfanous.com\/en\/\"},{\"@type\":\"ListItem\",\"position\":2,\"name\":\"Plastic surgery\",\"item\":\"https:\/\/dr-nfanous.com\/en\/plastic-surgery\/\"},{\"@type\":\"ListItem\",\"position\":3,\"name\":\"Testimonials\"}]},{\"@type\":\"WebSite\",\"@id\":\"https:\/\/dr-nfanous.com\/#website\",\"url\":\"https:\/\/dr-nfanous.com\/\",\"name\":\"Dr Nabil Fanous - Montr\u00e9al\",\"description\":\"Chirurgien Esth\u00e9tique \u00e0 Montr\u00e9al\",\"potentialAction\":[{\"@type\":\"SearchAction\",\"target\":{\"@type\":\"EntryPoint\",\"urlTemplate\":\"https:\/\/dr-nfanous.com\/?s={search_term_string}\"},\"query-input\":\"required name=search_term_string\"}],\"inLanguage\":\"en-US\"}]}<\/script>\n<!-- \/ Yoast SEO plugin. -->","yoast_head_json":{"title":"Testimonials Plastic Surgery Montreal - Dr Nabil Fanous","description":"It is very important to find the right surgeon for cosmetic surgery au 1 Westmount Square, Office1380 Westmont.","robots":{"index":"index","follow":"follow","max-snippet":"max-snippet:-1","max-image-preview":"max-image-preview:large","max-video-preview":"max-video-preview:-1"},"canonical":"https:\/\/dr-nfanous.com\/en\/plastic-surgery\/cosmetic-surgery-testimonials-montreal\/","og_locale":"en_US","og_type":"article","og_title":"Testimonials Plastic Surgery Montreal - Dr Nabil Fanous","og_description":"It is very important to find the right surgeon for cosmetic surgery au 1 Westmount Square, Office1380 Westmont.","og_url":"https:\/\/dr-nfanous.com\/en\/plastic-surgery\/cosmetic-surgery-testimonials-montreal\/","og_site_name":"Dr Nabil Fanous - Montr\u00e9al","article_modified_time":"2016-10-24T18:17:48+00:00","twitter_card":"summary_large_image","schema":{"@context":"https:\/\/schema.org","@graph":[{"@type":"WebPage","@id":"https:\/\/dr-nfanous.com\/en\/plastic-surgery\/cosmetic-surgery-testimonials-montreal\/","url":"https:\/\/dr-nfanous.com\/en\/plastic-surgery\/cosmetic-surgery-testimonials-montreal\/","name":"Testimonials Plastic Surgery Montreal - Dr Nabil Fanous","isPartOf":{"@id":"https:\/\/dr-nfanous.com\/#website"},"datePublished":"2016-10-19T13:13:00+00:00","dateModified":"2016-10-24T18:17:48+00:00","description":"It is very important to find the right surgeon for cosmetic surgery au 1 Westmount Square, Office1380 Westmont.","breadcrumb":{"@id":"https:\/\/dr-nfanous.com\/en\/plastic-surgery\/cosmetic-surgery-testimonials-montreal\/#breadcrumb"},"inLanguage":"en-US","potentialAction":[{"@type":"ReadAction","target":["https:\/\/dr-nfanous.com\/en\/plastic-surgery\/cosmetic-surgery-testimonials-montreal\/"]}]},{"@type":"BreadcrumbList","@id":"https:\/\/dr-nfanous.com\/en\/plastic-surgery\/cosmetic-surgery-testimonials-montreal\/#breadcrumb","itemListElement":[{"@type":"ListItem","position":1,"name":"Accueil","item":"https:\/\/dr-nfanous.com\/en\/"},{"@type":"ListItem","position":2,"name":"Plastic surgery","item":"https:\/\/dr-nfanous.com\/en\/plastic-surgery\/"},{"@type":"ListItem","position":3,"name":"Testimonials"}]},{"@type":"WebSite","@id":"https:\/\/dr-nfanous.com\/#website","url":"https:\/\/dr-nfanous.com\/","name":"Dr Nabil Fanous - Montr\u00e9al","description":"Chirurgien Esth\u00e9tique \u00e0 Montr\u00e9al","potentialAction":[{"@type":"SearchAction","target":{"@type":"EntryPoint","urlTemplate":"https:\/\/dr-nfanous.com\/?s={search_term_string}"},"query-input":"required name=search_term_string"}],"inLanguage":"en-US"}]}},"_links":{"self":[{"href":"https:\/\/dr-nfanous.com\/en\/wp-json\/wp\/v2\/pages\/1617","targetHints":{"allow":["GET"]}}],"collection":[{"href":"https:\/\/dr-nfanous.com\/en\/wp-json\/wp\/v2\/pages"}],"about":[{"href":"https:\/\/dr-nfanous.com\/en\/wp-json\/wp\/v2\/types\/page"}],"author":[{"embeddable":true,"href":"https:\/\/dr-nfanous.com\/en\/wp-json\/wp\/v2\/users\/1"}],"replies":[{"embeddable":true,"href":"https:\/\/dr-nfanous.com\/en\/wp-json\/wp\/v2\/comments?post=1617"}],"version-history":[{"count":1,"href":"https:\/\/dr-nfanous.com\/en\/wp-json\/wp\/v2\/pages\/1617\/revisions"}],"predecessor-version":[{"id":1618,"href":"https:\/\/dr-nfanous.com\/en\/wp-json\/wp\/v2\/pages\/1617\/revisions\/1618"}],"up":[{"embeddable":true,"href":"https:\/\/dr-nfanous.com\/en\/wp-json\/wp\/v2\/pages\/1945"}],"wp:attachment":[{"href":"https:\/\/dr-nfanous.com\/en\/wp-json\/wp\/v2\/media?parent=1617"}],"curies":[{"name":"wp","href":"https:\/\/api.w.org\/{rel}","templated":true}]}}