{"id":1809,"date":"2016-10-20T16:32:11","date_gmt":"2016-10-20T14:32:11","guid":{"rendered":"http:\/\/dr-nfanous.com\/en\/?page_id=1809"},"modified":"2025-06-04T00:37:45","modified_gmt":"2025-06-03T22:37:45","slug":"skin","status":"publish","type":"page","link":"https:\/\/dr-nfanous.com\/en\/plastic-surgery\/skin\/","title":{"rendered":"Skin surgeries"},"content":{"rendered":"<section class=\"wpb-content-wrapper\"><p>[vc_row][vc_column][vc_column_text]<\/p>\n<h1 style=\"text-align: center;\">Skin surgeries<\/h1>\n<ul style=\"list-style-position: inside;\">\n<li id=\"menu-item-1931\" class=\"menu-item menu-item-type-post_type menu-item-object-page menu-item-1931\" style=\"text-align: center;\"><a href=\"http:\/\/dr-nfanous.com\/en\/plastic-surgery\/skin\/laser-hair-removal-montreal\/\">Laser hair removal<\/a><\/li>\n<li id=\"menu-item-1932\" class=\"menu-item menu-item-type-post_type menu-item-object-page menu-item-1932\" style=\"text-align: center;\"><a href=\"http:\/\/dr-nfanous.com\/en\/plastic-surgery\/skin\/Botulinum-toxin-montreal\/\">Botulinum toxin<\/a><\/li>\n<li id=\"menu-item-1933\" class=\"menu-item menu-item-type-post_type menu-item-object-page menu-item-1933\" style=\"text-align: center;\"><a href=\"http:\/\/dr-nfanous.com\/en\/plastic-surgery\/skin\/filler-injections-montreal\/\">Filler injections<\/a><\/li>\n<li id=\"menu-item-1934\" class=\"menu-item menu-item-type-post_type menu-item-object-page menu-item-1934\" style=\"text-align: center;\"><a href=\"http:\/\/dr-nfanous.com\/en\/plastic-surgery\/skin\/fat-injections-face-montreal\/\">Fat injections for the face<\/a><\/li>\n<li id=\"menu-item-1935\" class=\"menu-item menu-item-type-post_type menu-item-object-page menu-item-1935\" style=\"text-align: center;\"><a href=\"http:\/\/dr-nfanous.com\/en\/plastic-surgery\/skin\/wrinkles-treatment-montreal\/\">Wrinkles treatment<\/a><\/li>\n<li id=\"menu-item-1936\" class=\"menu-item menu-item-type-post_type menu-item-object-page menu-item-1936\" style=\"text-align: center;\"><a href=\"http:\/\/dr-nfanous.com\/en\/plastic-surgery\/skin\/peels-montreal\/\">Peels<\/a><\/li>\n<\/ul>\n<p>[\/vc_column_text][\/vc_column][\/vc_row]<\/p>\n<\/section>","protected":false},"excerpt":{"rendered":"<p>[vc_row][vc_column][vc_column_text] Skin surgeries Laser hair removal Botulinum toxin Filler injections Fat injections for the face Wrinkles treatment Peels [\/vc_column_text][\/vc_column][\/vc_row]<\/p>\n","protected":false},"author":1,"featured_media":0,"parent":1945,"menu_order":0,"comment_status":"closed","ping_status":"closed","template":"","meta":{"footnotes":""},"class_list":["post-1809","page","type-page","status-publish","hentry"],"yoast_head":"<!-- This site is optimized with the Yoast SEO plugin v20.8 - https:\/\/yoast.com\/wordpress\/plugins\/seo\/ -->\n<title>Skin surgeries - Dr Nabil Fanous - Montr\u00e9al<\/title>\n<meta name=\"robots\" content=\"index, follow, max-snippet:-1, max-image-preview:large, max-video-preview:-1\" \/>\n<link rel=\"canonical\" href=\"https:\/\/dr-nfanous.com\/en\/plastic-surgery\/skin\/\" \/>\n<meta property=\"og:locale\" content=\"en_US\" \/>\n<meta property=\"og:type\" content=\"article\" \/>\n<meta property=\"og:title\" content=\"Skin surgeries - Dr Nabil Fanous - Montr\u00e9al\" \/>\n<meta property=\"og:description\" content=\"[vc_row][vc_column][vc_column_text] Skin surgeries Laser hair removal Botulinum toxin Filler injections Fat injections for the face Wrinkles treatment Peels [\/vc_column_text][\/vc_column][\/vc_row]\" \/>\n<meta property=\"og:url\" content=\"https:\/\/dr-nfanous.com\/en\/plastic-surgery\/skin\/\" \/>\n<meta property=\"og:site_name\" content=\"Dr Nabil Fanous - Montr\u00e9al\" \/>\n<meta property=\"article:modified_time\" content=\"2025-06-03T22:37:45+00:00\" \/>\n<meta name=\"twitter:card\" content=\"summary_large_image\" \/>\n<meta name=\"twitter:label1\" content=\"Est. reading time\" \/>\n\t<meta name=\"twitter:data1\" content=\"1 minute\" \/>\n<script type=\"application\/ld+json\" class=\"yoast-schema-graph\">{\"@context\":\"https:\/\/schema.org\",\"@graph\":[{\"@type\":\"WebPage\",\"@id\":\"https:\/\/dr-nfanous.com\/en\/plastic-surgery\/skin\/\",\"url\":\"https:\/\/dr-nfanous.com\/en\/plastic-surgery\/skin\/\",\"name\":\"Skin surgeries - Dr Nabil Fanous - Montr\u00e9al\",\"isPartOf\":{\"@id\":\"https:\/\/dr-nfanous.com\/#website\"},\"datePublished\":\"2016-10-20T14:32:11+00:00\",\"dateModified\":\"2025-06-03T22:37:45+00:00\",\"breadcrumb\":{\"@id\":\"https:\/\/dr-nfanous.com\/en\/plastic-surgery\/skin\/#breadcrumb\"},\"inLanguage\":\"en-US\",\"potentialAction\":[{\"@type\":\"ReadAction\",\"target\":[\"https:\/\/dr-nfanous.com\/en\/plastic-surgery\/skin\/\"]}]},{\"@type\":\"BreadcrumbList\",\"@id\":\"https:\/\/dr-nfanous.com\/en\/plastic-surgery\/skin\/#breadcrumb\",\"itemListElement\":[{\"@type\":\"ListItem\",\"position\":1,\"name\":\"Accueil\",\"item\":\"https:\/\/dr-nfanous.com\/en\/\"},{\"@type\":\"ListItem\",\"position\":2,\"name\":\"Plastic surgery\",\"item\":\"https:\/\/dr-nfanous.com\/en\/plastic-surgery\/\"},{\"@type\":\"ListItem\",\"position\":3,\"name\":\"Skin surgeries\"}]},{\"@type\":\"WebSite\",\"@id\":\"https:\/\/dr-nfanous.com\/#website\",\"url\":\"https:\/\/dr-nfanous.com\/\",\"name\":\"Dr Nabil Fanous - Montr\u00e9al\",\"description\":\"Chirurgien Esth\u00e9tique \u00e0 Montr\u00e9al\",\"potentialAction\":[{\"@type\":\"SearchAction\",\"target\":{\"@type\":\"EntryPoint\",\"urlTemplate\":\"https:\/\/dr-nfanous.com\/?s={search_term_string}\"},\"query-input\":\"required name=search_term_string\"}],\"inLanguage\":\"en-US\"}]}<\/script>\n<!-- \/ Yoast SEO plugin. -->","yoast_head_json":{"title":"Skin surgeries - Dr Nabil Fanous - Montr\u00e9al","robots":{"index":"index","follow":"follow","max-snippet":"max-snippet:-1","max-image-preview":"max-image-preview:large","max-video-preview":"max-video-preview:-1"},"canonical":"https:\/\/dr-nfanous.com\/en\/plastic-surgery\/skin\/","og_locale":"en_US","og_type":"article","og_title":"Skin surgeries - Dr Nabil Fanous - Montr\u00e9al","og_description":"[vc_row][vc_column][vc_column_text] Skin surgeries Laser hair removal Botulinum toxin Filler injections Fat injections for the face Wrinkles treatment Peels [\/vc_column_text][\/vc_column][\/vc_row]","og_url":"https:\/\/dr-nfanous.com\/en\/plastic-surgery\/skin\/","og_site_name":"Dr Nabil Fanous - Montr\u00e9al","article_modified_time":"2025-06-03T22:37:45+00:00","twitter_card":"summary_large_image","twitter_misc":{"Est. reading time":"1 minute"},"schema":{"@context":"https:\/\/schema.org","@graph":[{"@type":"WebPage","@id":"https:\/\/dr-nfanous.com\/en\/plastic-surgery\/skin\/","url":"https:\/\/dr-nfanous.com\/en\/plastic-surgery\/skin\/","name":"Skin surgeries - Dr Nabil Fanous - Montr\u00e9al","isPartOf":{"@id":"https:\/\/dr-nfanous.com\/#website"},"datePublished":"2016-10-20T14:32:11+00:00","dateModified":"2025-06-03T22:37:45+00:00","breadcrumb":{"@id":"https:\/\/dr-nfanous.com\/en\/plastic-surgery\/skin\/#breadcrumb"},"inLanguage":"en-US","potentialAction":[{"@type":"ReadAction","target":["https:\/\/dr-nfanous.com\/en\/plastic-surgery\/skin\/"]}]},{"@type":"BreadcrumbList","@id":"https:\/\/dr-nfanous.com\/en\/plastic-surgery\/skin\/#breadcrumb","itemListElement":[{"@type":"ListItem","position":1,"name":"Accueil","item":"https:\/\/dr-nfanous.com\/en\/"},{"@type":"ListItem","position":2,"name":"Plastic surgery","item":"https:\/\/dr-nfanous.com\/en\/plastic-surgery\/"},{"@type":"ListItem","position":3,"name":"Skin surgeries"}]},{"@type":"WebSite","@id":"https:\/\/dr-nfanous.com\/#website","url":"https:\/\/dr-nfanous.com\/","name":"Dr Nabil Fanous - Montr\u00e9al","description":"Chirurgien Esth\u00e9tique \u00e0 Montr\u00e9al","potentialAction":[{"@type":"SearchAction","target":{"@type":"EntryPoint","urlTemplate":"https:\/\/dr-nfanous.com\/?s={search_term_string}"},"query-input":"required name=search_term_string"}],"inLanguage":"en-US"}]}},"_links":{"self":[{"href":"https:\/\/dr-nfanous.com\/en\/wp-json\/wp\/v2\/pages\/1809","targetHints":{"allow":["GET"]}}],"collection":[{"href":"https:\/\/dr-nfanous.com\/en\/wp-json\/wp\/v2\/pages"}],"about":[{"href":"https:\/\/dr-nfanous.com\/en\/wp-json\/wp\/v2\/types\/page"}],"author":[{"embeddable":true,"href":"https:\/\/dr-nfanous.com\/en\/wp-json\/wp\/v2\/users\/1"}],"replies":[{"embeddable":true,"href":"https:\/\/dr-nfanous.com\/en\/wp-json\/wp\/v2\/comments?post=1809"}],"version-history":[{"count":5,"href":"https:\/\/dr-nfanous.com\/en\/wp-json\/wp\/v2\/pages\/1809\/revisions"}],"predecessor-version":[{"id":35963,"href":"https:\/\/dr-nfanous.com\/en\/wp-json\/wp\/v2\/pages\/1809\/revisions\/35963"}],"up":[{"embeddable":true,"href":"https:\/\/dr-nfanous.com\/en\/wp-json\/wp\/v2\/pages\/1945"}],"wp:attachment":[{"href":"https:\/\/dr-nfanous.com\/en\/wp-json\/wp\/v2\/media?parent=1809"}],"curies":[{"name":"wp","href":"https:\/\/api.w.org\/{rel}","templated":true}]}}