{"id":2559,"date":"2016-11-02T19:00:55","date_gmt":"2016-11-02T18:00:55","guid":{"rendered":"http:\/\/dr-nfanous.com\/en\/?page_id=2559"},"modified":"2025-06-04T00:25:08","modified_gmt":"2025-06-03T22:25:08","slug":"facelift","status":"publish","type":"page","link":"https:\/\/dr-nfanous.com\/en\/plastic-surgery\/before-after-photo\/facelift\/","title":{"rendered":"Face"},"content":{"rendered":"<section class=\"wpb-content-wrapper\"><p>[vc_row][vc_column][vc_column_text]<\/p>\n<h1>Facelift<\/h1>\n<p>Souvent appel\u00e9 \u00ab facelift \u00bb, le redrapage du visage est une chirurgie esth\u00e9tique qui am\u00e9liore l\u2019aspect des joues et du cou.[\/vc_column_text][vc_btn title=&#8221;Photos Avant \/ Apr\u00e8s&#8221; style=&#8221;flat&#8221; shape=&#8221;square&#8221; align=&#8221;center&#8221; link=&#8221;url:http%3A%2F%2Fwww.dr-nfanous.com%2Fchirurgie-esthetique%2Fphoto-avant-apres%2F|&#8221;][vc_gallery type=&#8221;image_grid&#8221; images=&#8221;2519,2521,3007&#8243; img_size=&#8221;full&#8221; title=&#8221;Patient 1 &#8211; Facelift, Lifting du front et toxine botulique&#8221;][vc_gallery type=&#8221;image_grid&#8221; images=&#8221;2523,2525,3003,3005&#8243; img_size=&#8221;full&#8221; title=&#8221;Patient 2 &#8211; Facelift, Lifting du front, Bl\u00e9pharoplastie et toxine botulique&#8221;][vc_gallery type=&#8221;image_grid&#8221; images=&#8221;2527,2529,2531&#8243; img_size=&#8221;full&#8221; title=&#8221;Patient 3 &#8211; Facelift, Lifting du front et toxine botulique&#8221;][vc_gallery type=&#8221;image_grid&#8221; images=&#8221;2533,2535&#8243; img_size=&#8221;full&#8221; title=&#8221;Patient 4 &#8211; Facelift, Lifting du front et toxine botulique&#8221;][vc_gallery type=&#8221;image_grid&#8221; images=&#8221;3009,3011,3013,3015&#8243; img_size=&#8221;full&#8221; title=&#8221;Patient 6 &#8211; Facelift, Lifting du front et toxine botulique&#8221;][vc_gallery type=&#8221;image_grid&#8221; images=&#8221;3017&#8243; img_size=&#8221;full&#8221; title=&#8221;Patient 7 &#8211; Facelift, Lifting du front et toxine botulique&#8221;][vc_gallery type=&#8221;image_grid&#8221; images=&#8221;3019&#8243; img_size=&#8221;full&#8221; title=&#8221;Patient 8 &#8211; Facelift, Lifting du front et toxine botulique&#8221;][vc_gallery type=&#8221;image_grid&#8221; images=&#8221;3021&#8243; img_size=&#8221;full&#8221; title=&#8221;Patient 9 &#8211; Facelift, Lifting du front et toxine botulique&#8221;][vc_gallery type=&#8221;image_grid&#8221; images=&#8221;3023&#8243; img_size=&#8221;full&#8221; title=&#8221;Patient 10 &#8211; Facelift, Lifting du front et toxine botulique&#8221;][vc_gallery type=&#8221;image_grid&#8221; images=&#8221;3025&#8243; img_size=&#8221;full&#8221; title=&#8221;Patient 11 &#8211; Facelift, Lifting du front et toxine botulique&#8221;][vc_column_text]Source: La pratique du Dr. Nabil Fanous MD, ORL, FRCS(c)<br \/>\nAvertissement: Ces photos sont publi\u00e9es \u00e0 titre indicatif afin de fournir de l\u2019information sur la nature de l\u2019intervention. Elles ne constituent aucunement une garantie de r\u00e9sultat.[\/vc_column_text][\/vc_column][\/vc_row]<\/p>\n<\/section>","protected":false},"excerpt":{"rendered":"<p>[vc_row][vc_column][vc_column_text] Facelift Souvent appel\u00e9 \u00ab facelift \u00bb, le redrapage du visage est une chirurgie esth\u00e9tique qui am\u00e9liore l\u2019aspect des joues et du cou.[\/vc_column_text][vc_btn title=&#8221;Photos Avant \/ Apr\u00e8s&#8221; style=&#8221;flat&#8221; shape=&#8221;square&#8221; align=&#8221;center&#8221; link=&#8221;url:http%3A%2F%2Fwww.dr-nfanous.com%2Fchirurgie-esthetique%2Fphoto-avant-apres%2F|&#8221;][vc_gallery type=&#8221;image_grid&#8221; images=&#8221;2519,2521,3007&#8243; img_size=&#8221;full&#8221; title=&#8221;Patient 1 &#8211; Facelift, Lifting du front et toxine botulique&#8221;][vc_gallery type=&#8221;image_grid&#8221; images=&#8221;2523,2525,3003,3005&#8243; img_size=&#8221;full&#8221; title=&#8221;Patient 2 &#8211; Facelift, Lifting du front, Bl\u00e9pharoplastie [&hellip;]<\/p>\n","protected":false},"author":1,"featured_media":0,"parent":2420,"menu_order":0,"comment_status":"closed","ping_status":"closed","template":"","meta":{"footnotes":""},"class_list":["post-2559","page","type-page","status-publish","hentry"],"yoast_head":"<!-- This site is optimized with the Yoast SEO plugin v20.8 - https:\/\/yoast.com\/wordpress\/plugins\/seo\/ -->\n<title>Face - Dr Nabil Fanous - Montr\u00e9al<\/title>\n<meta name=\"robots\" content=\"index, follow, max-snippet:-1, max-image-preview:large, max-video-preview:-1\" \/>\n<link rel=\"canonical\" href=\"https:\/\/dr-nfanous.com\/en\/plastic-surgery\/before-after-photo\/facelift\/\" \/>\n<meta property=\"og:locale\" content=\"en_US\" \/>\n<meta property=\"og:type\" content=\"article\" \/>\n<meta property=\"og:title\" content=\"Face - Dr Nabil Fanous - Montr\u00e9al\" \/>\n<meta property=\"og:description\" content=\"[vc_row][vc_column][vc_column_text] Facelift Souvent appel\u00e9 \u00ab facelift \u00bb, le redrapage du visage est une chirurgie esth\u00e9tique qui am\u00e9liore l\u2019aspect des joues et du cou.[\/vc_column_text][vc_btn title=&#8221;Photos Avant \/ Apr\u00e8s&#8221; style=&#8221;flat&#8221; shape=&#8221;square&#8221; align=&#8221;center&#8221; link=&#8221;url:http%3A%2F%2Fwww.dr-nfanous.com%2Fchirurgie-esthetique%2Fphoto-avant-apres%2F|&#8221;][vc_gallery type=&#8221;image_grid&#8221; images=&#8221;2519,2521,3007&#8243; img_size=&#8221;full&#8221; title=&#8221;Patient 1 &#8211; Facelift, Lifting du front et toxine botulique&#8221;][vc_gallery type=&#8221;image_grid&#8221; images=&#8221;2523,2525,3003,3005&#8243; img_size=&#8221;full&#8221; title=&#8221;Patient 2 &#8211; Facelift, Lifting du front, Bl\u00e9pharoplastie [&hellip;]\" \/>\n<meta property=\"og:url\" content=\"https:\/\/dr-nfanous.com\/en\/plastic-surgery\/before-after-photo\/facelift\/\" \/>\n<meta property=\"og:site_name\" content=\"Dr Nabil Fanous - Montr\u00e9al\" \/>\n<meta property=\"article:modified_time\" content=\"2025-06-03T22:25:08+00:00\" \/>\n<meta name=\"twitter:card\" content=\"summary_large_image\" \/>\n<meta name=\"twitter:label1\" content=\"Est. reading time\" \/>\n\t<meta name=\"twitter:data1\" content=\"1 minute\" \/>\n<script type=\"application\/ld+json\" class=\"yoast-schema-graph\">{\"@context\":\"https:\/\/schema.org\",\"@graph\":[{\"@type\":\"WebPage\",\"@id\":\"https:\/\/dr-nfanous.com\/en\/plastic-surgery\/before-after-photo\/facelift\/\",\"url\":\"https:\/\/dr-nfanous.com\/en\/plastic-surgery\/before-after-photo\/facelift\/\",\"name\":\"Face - Dr Nabil Fanous - Montr\u00e9al\",\"isPartOf\":{\"@id\":\"https:\/\/dr-nfanous.com\/#website\"},\"datePublished\":\"2016-11-02T18:00:55+00:00\",\"dateModified\":\"2025-06-03T22:25:08+00:00\",\"breadcrumb\":{\"@id\":\"https:\/\/dr-nfanous.com\/en\/plastic-surgery\/before-after-photo\/facelift\/#breadcrumb\"},\"inLanguage\":\"en-US\",\"potentialAction\":[{\"@type\":\"ReadAction\",\"target\":[\"https:\/\/dr-nfanous.com\/en\/plastic-surgery\/before-after-photo\/facelift\/\"]}]},{\"@type\":\"BreadcrumbList\",\"@id\":\"https:\/\/dr-nfanous.com\/en\/plastic-surgery\/before-after-photo\/facelift\/#breadcrumb\",\"itemListElement\":[{\"@type\":\"ListItem\",\"position\":1,\"name\":\"Accueil\",\"item\":\"https:\/\/dr-nfanous.com\/en\/\"},{\"@type\":\"ListItem\",\"position\":2,\"name\":\"Plastic surgery\",\"item\":\"https:\/\/dr-nfanous.com\/en\/plastic-surgery\/\"},{\"@type\":\"ListItem\",\"position\":3,\"name\":\"Before After Photo Gallery\",\"item\":\"https:\/\/dr-nfanous.com\/en\/plastic-surgery\/before-after-photo\/\"},{\"@type\":\"ListItem\",\"position\":4,\"name\":\"Face\"}]},{\"@type\":\"WebSite\",\"@id\":\"https:\/\/dr-nfanous.com\/#website\",\"url\":\"https:\/\/dr-nfanous.com\/\",\"name\":\"Dr Nabil Fanous - Montr\u00e9al\",\"description\":\"Chirurgien Esth\u00e9tique \u00e0 Montr\u00e9al\",\"potentialAction\":[{\"@type\":\"SearchAction\",\"target\":{\"@type\":\"EntryPoint\",\"urlTemplate\":\"https:\/\/dr-nfanous.com\/?s={search_term_string}\"},\"query-input\":\"required name=search_term_string\"}],\"inLanguage\":\"en-US\"}]}<\/script>\n<!-- \/ Yoast SEO plugin. -->","yoast_head_json":{"title":"Face - Dr Nabil Fanous - Montr\u00e9al","robots":{"index":"index","follow":"follow","max-snippet":"max-snippet:-1","max-image-preview":"max-image-preview:large","max-video-preview":"max-video-preview:-1"},"canonical":"https:\/\/dr-nfanous.com\/en\/plastic-surgery\/before-after-photo\/facelift\/","og_locale":"en_US","og_type":"article","og_title":"Face - Dr Nabil Fanous - Montr\u00e9al","og_description":"[vc_row][vc_column][vc_column_text] Facelift Souvent appel\u00e9 \u00ab facelift \u00bb, le redrapage du visage est une chirurgie esth\u00e9tique qui am\u00e9liore l\u2019aspect des joues et du cou.[\/vc_column_text][vc_btn title=&#8221;Photos Avant \/ Apr\u00e8s&#8221; style=&#8221;flat&#8221; shape=&#8221;square&#8221; align=&#8221;center&#8221; link=&#8221;url:http%3A%2F%2Fwww.dr-nfanous.com%2Fchirurgie-esthetique%2Fphoto-avant-apres%2F|&#8221;][vc_gallery type=&#8221;image_grid&#8221; images=&#8221;2519,2521,3007&#8243; img_size=&#8221;full&#8221; title=&#8221;Patient 1 &#8211; Facelift, Lifting du front et toxine botulique&#8221;][vc_gallery type=&#8221;image_grid&#8221; images=&#8221;2523,2525,3003,3005&#8243; img_size=&#8221;full&#8221; title=&#8221;Patient 2 &#8211; Facelift, Lifting du front, Bl\u00e9pharoplastie [&hellip;]","og_url":"https:\/\/dr-nfanous.com\/en\/plastic-surgery\/before-after-photo\/facelift\/","og_site_name":"Dr Nabil Fanous - Montr\u00e9al","article_modified_time":"2025-06-03T22:25:08+00:00","twitter_card":"summary_large_image","twitter_misc":{"Est. reading time":"1 minute"},"schema":{"@context":"https:\/\/schema.org","@graph":[{"@type":"WebPage","@id":"https:\/\/dr-nfanous.com\/en\/plastic-surgery\/before-after-photo\/facelift\/","url":"https:\/\/dr-nfanous.com\/en\/plastic-surgery\/before-after-photo\/facelift\/","name":"Face - Dr Nabil Fanous - Montr\u00e9al","isPartOf":{"@id":"https:\/\/dr-nfanous.com\/#website"},"datePublished":"2016-11-02T18:00:55+00:00","dateModified":"2025-06-03T22:25:08+00:00","breadcrumb":{"@id":"https:\/\/dr-nfanous.com\/en\/plastic-surgery\/before-after-photo\/facelift\/#breadcrumb"},"inLanguage":"en-US","potentialAction":[{"@type":"ReadAction","target":["https:\/\/dr-nfanous.com\/en\/plastic-surgery\/before-after-photo\/facelift\/"]}]},{"@type":"BreadcrumbList","@id":"https:\/\/dr-nfanous.com\/en\/plastic-surgery\/before-after-photo\/facelift\/#breadcrumb","itemListElement":[{"@type":"ListItem","position":1,"name":"Accueil","item":"https:\/\/dr-nfanous.com\/en\/"},{"@type":"ListItem","position":2,"name":"Plastic surgery","item":"https:\/\/dr-nfanous.com\/en\/plastic-surgery\/"},{"@type":"ListItem","position":3,"name":"Before After Photo Gallery","item":"https:\/\/dr-nfanous.com\/en\/plastic-surgery\/before-after-photo\/"},{"@type":"ListItem","position":4,"name":"Face"}]},{"@type":"WebSite","@id":"https:\/\/dr-nfanous.com\/#website","url":"https:\/\/dr-nfanous.com\/","name":"Dr Nabil Fanous - Montr\u00e9al","description":"Chirurgien Esth\u00e9tique \u00e0 Montr\u00e9al","potentialAction":[{"@type":"SearchAction","target":{"@type":"EntryPoint","urlTemplate":"https:\/\/dr-nfanous.com\/?s={search_term_string}"},"query-input":"required name=search_term_string"}],"inLanguage":"en-US"}]}},"_links":{"self":[{"href":"https:\/\/dr-nfanous.com\/en\/wp-json\/wp\/v2\/pages\/2559","targetHints":{"allow":["GET"]}}],"collection":[{"href":"https:\/\/dr-nfanous.com\/en\/wp-json\/wp\/v2\/pages"}],"about":[{"href":"https:\/\/dr-nfanous.com\/en\/wp-json\/wp\/v2\/types\/page"}],"author":[{"embeddable":true,"href":"https:\/\/dr-nfanous.com\/en\/wp-json\/wp\/v2\/users\/1"}],"replies":[{"embeddable":true,"href":"https:\/\/dr-nfanous.com\/en\/wp-json\/wp\/v2\/comments?post=2559"}],"version-history":[{"count":8,"href":"https:\/\/dr-nfanous.com\/en\/wp-json\/wp\/v2\/pages\/2559\/revisions"}],"predecessor-version":[{"id":35958,"href":"https:\/\/dr-nfanous.com\/en\/wp-json\/wp\/v2\/pages\/2559\/revisions\/35958"}],"up":[{"embeddable":true,"href":"https:\/\/dr-nfanous.com\/en\/wp-json\/wp\/v2\/pages\/2420"}],"wp:attachment":[{"href":"https:\/\/dr-nfanous.com\/en\/wp-json\/wp\/v2\/media?parent=2559"}],"curies":[{"name":"wp","href":"https:\/\/api.w.org\/{rel}","templated":true}]}}