{"id":2823,"date":"2016-11-15T17:04:58","date_gmt":"2016-11-15T16:04:58","guid":{"rendered":"http:\/\/dr-nfanous.com\/en\/?page_id=2823"},"modified":"2020-05-17T02:15:46","modified_gmt":"2020-05-17T00:15:46","slug":"nose","status":"publish","type":"page","link":"https:\/\/dr-nfanous.com\/en\/plastic-surgery\/nose\/","title":{"rendered":"Nose surgery"},"content":{"rendered":"<section class=\"wpb-content-wrapper\"><p>[vc_row][vc_column][vc_column_text]<\/p>\n<h1 style=\"text-align: center;\">Nose surgery<\/h1>\n<ul style=\"list-style-position: inside;\">\n<li style=\"text-align: center;\"><a href=\"http:\/\/dr-nfanous.com\/en\/plastic-surgery\/nose\/nose-surgery-rhinoplasty-montreal\/\">Rhinoplasty\u00a0\/ Nose Surgery<\/a><\/li>\n<li style=\"text-align: center;\"><a href=\"http:\/\/dr-nfanous.com\/en\/plastic-surgery\/nose\/mini-rhinoplasty-montreal\/\">Mini-Rhinoplasty<\/a><\/li>\n<li style=\"text-align: center;\"><a href=\"http:\/\/dr-nfanous.com\/en\/plastic-surgery\/nose\/rhinoplasty-without-surgery\/\">Rhinoplasty without surgery<\/a><\/li>\n<\/ul>\n<p>[\/vc_column_text][\/vc_column][\/vc_row]<\/p>\n<\/section>","protected":false},"excerpt":{"rendered":"<p>[vc_row][vc_column][vc_column_text] Nose surgery Rhinoplasty\u00a0\/ Nose Surgery Mini-Rhinoplasty Rhinoplasty without surgery [\/vc_column_text][\/vc_column][\/vc_row]<\/p>\n","protected":false},"author":1,"featured_media":0,"parent":1945,"menu_order":0,"comment_status":"closed","ping_status":"closed","template":"","meta":{"footnotes":""},"class_list":["post-2823","page","type-page","status-publish","hentry"],"yoast_head":"<!-- This site is optimized with the Yoast SEO plugin v20.8 - https:\/\/yoast.com\/wordpress\/plugins\/seo\/ -->\n<title>Nose surgery - Dr Nabil Fanous - Montr\u00e9al<\/title>\n<meta name=\"robots\" content=\"index, follow, max-snippet:-1, max-image-preview:large, max-video-preview:-1\" \/>\n<link rel=\"canonical\" href=\"https:\/\/dr-nfanous.com\/en\/plastic-surgery\/nose\/\" \/>\n<meta property=\"og:locale\" content=\"en_US\" \/>\n<meta property=\"og:type\" content=\"article\" \/>\n<meta property=\"og:title\" content=\"Nose surgery - Dr Nabil Fanous - Montr\u00e9al\" \/>\n<meta property=\"og:description\" content=\"[vc_row][vc_column][vc_column_text] Nose surgery Rhinoplasty\u00a0\/ Nose Surgery Mini-Rhinoplasty Rhinoplasty without surgery [\/vc_column_text][\/vc_column][\/vc_row]\" \/>\n<meta property=\"og:url\" content=\"https:\/\/dr-nfanous.com\/en\/plastic-surgery\/nose\/\" \/>\n<meta property=\"og:site_name\" content=\"Dr Nabil Fanous - Montr\u00e9al\" \/>\n<meta property=\"article:modified_time\" content=\"2020-05-17T00:15:46+00:00\" \/>\n<meta name=\"twitter:card\" content=\"summary_large_image\" \/>\n<script type=\"application\/ld+json\" class=\"yoast-schema-graph\">{\"@context\":\"https:\/\/schema.org\",\"@graph\":[{\"@type\":\"WebPage\",\"@id\":\"https:\/\/dr-nfanous.com\/en\/plastic-surgery\/nose\/\",\"url\":\"https:\/\/dr-nfanous.com\/en\/plastic-surgery\/nose\/\",\"name\":\"Nose surgery - Dr Nabil Fanous - Montr\u00e9al\",\"isPartOf\":{\"@id\":\"https:\/\/dr-nfanous.com\/#website\"},\"datePublished\":\"2016-11-15T16:04:58+00:00\",\"dateModified\":\"2020-05-17T00:15:46+00:00\",\"breadcrumb\":{\"@id\":\"https:\/\/dr-nfanous.com\/en\/plastic-surgery\/nose\/#breadcrumb\"},\"inLanguage\":\"en-US\",\"potentialAction\":[{\"@type\":\"ReadAction\",\"target\":[\"https:\/\/dr-nfanous.com\/en\/plastic-surgery\/nose\/\"]}]},{\"@type\":\"BreadcrumbList\",\"@id\":\"https:\/\/dr-nfanous.com\/en\/plastic-surgery\/nose\/#breadcrumb\",\"itemListElement\":[{\"@type\":\"ListItem\",\"position\":1,\"name\":\"Accueil\",\"item\":\"https:\/\/dr-nfanous.com\/en\/\"},{\"@type\":\"ListItem\",\"position\":2,\"name\":\"Plastic surgery\",\"item\":\"https:\/\/dr-nfanous.com\/en\/plastic-surgery\/\"},{\"@type\":\"ListItem\",\"position\":3,\"name\":\"Nose surgery\"}]},{\"@type\":\"WebSite\",\"@id\":\"https:\/\/dr-nfanous.com\/#website\",\"url\":\"https:\/\/dr-nfanous.com\/\",\"name\":\"Dr Nabil Fanous - Montr\u00e9al\",\"description\":\"Chirurgien Esth\u00e9tique \u00e0 Montr\u00e9al\",\"potentialAction\":[{\"@type\":\"SearchAction\",\"target\":{\"@type\":\"EntryPoint\",\"urlTemplate\":\"https:\/\/dr-nfanous.com\/?s={search_term_string}\"},\"query-input\":\"required name=search_term_string\"}],\"inLanguage\":\"en-US\"}]}<\/script>\n<!-- \/ Yoast SEO plugin. -->","yoast_head_json":{"title":"Nose surgery - Dr Nabil Fanous - Montr\u00e9al","robots":{"index":"index","follow":"follow","max-snippet":"max-snippet:-1","max-image-preview":"max-image-preview:large","max-video-preview":"max-video-preview:-1"},"canonical":"https:\/\/dr-nfanous.com\/en\/plastic-surgery\/nose\/","og_locale":"en_US","og_type":"article","og_title":"Nose surgery - Dr Nabil Fanous - Montr\u00e9al","og_description":"[vc_row][vc_column][vc_column_text] Nose surgery Rhinoplasty\u00a0\/ Nose Surgery Mini-Rhinoplasty Rhinoplasty without surgery [\/vc_column_text][\/vc_column][\/vc_row]","og_url":"https:\/\/dr-nfanous.com\/en\/plastic-surgery\/nose\/","og_site_name":"Dr Nabil Fanous - Montr\u00e9al","article_modified_time":"2020-05-17T00:15:46+00:00","twitter_card":"summary_large_image","schema":{"@context":"https:\/\/schema.org","@graph":[{"@type":"WebPage","@id":"https:\/\/dr-nfanous.com\/en\/plastic-surgery\/nose\/","url":"https:\/\/dr-nfanous.com\/en\/plastic-surgery\/nose\/","name":"Nose surgery - Dr Nabil Fanous - Montr\u00e9al","isPartOf":{"@id":"https:\/\/dr-nfanous.com\/#website"},"datePublished":"2016-11-15T16:04:58+00:00","dateModified":"2020-05-17T00:15:46+00:00","breadcrumb":{"@id":"https:\/\/dr-nfanous.com\/en\/plastic-surgery\/nose\/#breadcrumb"},"inLanguage":"en-US","potentialAction":[{"@type":"ReadAction","target":["https:\/\/dr-nfanous.com\/en\/plastic-surgery\/nose\/"]}]},{"@type":"BreadcrumbList","@id":"https:\/\/dr-nfanous.com\/en\/plastic-surgery\/nose\/#breadcrumb","itemListElement":[{"@type":"ListItem","position":1,"name":"Accueil","item":"https:\/\/dr-nfanous.com\/en\/"},{"@type":"ListItem","position":2,"name":"Plastic surgery","item":"https:\/\/dr-nfanous.com\/en\/plastic-surgery\/"},{"@type":"ListItem","position":3,"name":"Nose surgery"}]},{"@type":"WebSite","@id":"https:\/\/dr-nfanous.com\/#website","url":"https:\/\/dr-nfanous.com\/","name":"Dr Nabil Fanous - Montr\u00e9al","description":"Chirurgien Esth\u00e9tique \u00e0 Montr\u00e9al","potentialAction":[{"@type":"SearchAction","target":{"@type":"EntryPoint","urlTemplate":"https:\/\/dr-nfanous.com\/?s={search_term_string}"},"query-input":"required name=search_term_string"}],"inLanguage":"en-US"}]}},"_links":{"self":[{"href":"https:\/\/dr-nfanous.com\/en\/wp-json\/wp\/v2\/pages\/2823","targetHints":{"allow":["GET"]}}],"collection":[{"href":"https:\/\/dr-nfanous.com\/en\/wp-json\/wp\/v2\/pages"}],"about":[{"href":"https:\/\/dr-nfanous.com\/en\/wp-json\/wp\/v2\/types\/page"}],"author":[{"embeddable":true,"href":"https:\/\/dr-nfanous.com\/en\/wp-json\/wp\/v2\/users\/1"}],"replies":[{"embeddable":true,"href":"https:\/\/dr-nfanous.com\/en\/wp-json\/wp\/v2\/comments?post=2823"}],"version-history":[{"count":6,"href":"https:\/\/dr-nfanous.com\/en\/wp-json\/wp\/v2\/pages\/2823\/revisions"}],"predecessor-version":[{"id":11323,"href":"https:\/\/dr-nfanous.com\/en\/wp-json\/wp\/v2\/pages\/2823\/revisions\/11323"}],"up":[{"embeddable":true,"href":"https:\/\/dr-nfanous.com\/en\/wp-json\/wp\/v2\/pages\/1945"}],"wp:attachment":[{"href":"https:\/\/dr-nfanous.com\/en\/wp-json\/wp\/v2\/media?parent=2823"}],"curies":[{"name":"wp","href":"https:\/\/api.w.org\/{rel}","templated":true}]}}