{"id":3100,"date":"2016-12-07T20:25:24","date_gmt":"2016-12-07T19:25:24","guid":{"rendered":"http:\/\/dr-nfanous.com\/en\/?page_id=3100"},"modified":"2016-12-09T00:47:10","modified_gmt":"2016-12-08T23:47:10","slug":"liposuction","status":"publish","type":"page","link":"https:\/\/dr-nfanous.com\/en\/plastic-surgery\/before-after-photo\/liposuction\/","title":{"rendered":"Liposuction"},"content":{"rendered":"<section class=\"wpb-content-wrapper\"><p>[vc_row][vc_column][vc_column_text]<\/p>\n<h1>Liposuction<\/h1>\n<p>[\/vc_column_text][vc_btn title=&#8221;Before \/ After Photos&#8221; style=&#8221;flat&#8221; shape=&#8221;square&#8221; align=&#8221;center&#8221; link=&#8221;url:http%3A%2F%2Fwww.dr-nfanous.com%2Fen%2Fplastic-surgery%2Fbefore-after-photo%2F|||&#8221;][vc_gallery type=&#8221;image_grid&#8221; images=&#8221;3045&#8243; img_size=&#8221;full&#8221; title=&#8221;Patient 1 &#8211; Liposuction&#8221;][vc_gallery type=&#8221;image_grid&#8221; images=&#8221;3047&#8243; img_size=&#8221;full&#8221; title=&#8221;Patient 2 &#8211; Liposuction&#8221;][vc_gallery type=&#8221;image_grid&#8221; images=&#8221;3051&#8243; img_size=&#8221;full&#8221; title=&#8221;Patient 3 &#8211; Liposuction&#8221;][vc_gallery type=&#8221;image_grid&#8221; images=&#8221;3053&#8243; img_size=&#8221;full&#8221; title=&#8221;Patient 4 &#8211; Liposuction&#8221;][vc_gallery type=&#8221;image_grid&#8221; images=&#8221;3055&#8243; img_size=&#8221;full&#8221; title=&#8221;Patient 5 &#8211; Liposuction&#8221;][vc_gallery type=&#8221;image_grid&#8221; images=&#8221;3057&#8243; img_size=&#8221;full&#8221; title=&#8221;Patient 6 &#8211; Liposuction&#8221;][vc_gallery type=&#8221;image_grid&#8221; images=&#8221;3059&#8243; img_size=&#8221;full&#8221; title=&#8221;Patient 7 &#8211; Liposuction&#8221;][vc_gallery type=&#8221;image_grid&#8221; images=&#8221;3061&#8243; img_size=&#8221;full&#8221; title=&#8221;Patient 8 &#8211; Liposuction&#8221;][vc_gallery type=&#8221;image_grid&#8221; images=&#8221;3063&#8243; img_size=&#8221;full&#8221; title=&#8221;Patient 9 &#8211; Liposuction&#8221;][vc_column_text]Source: The practice of Dr. N. Fanous MD, ORL, FRCS(c)<br \/>\nWarning: These photos are published for reference only to provide information on the nature of the intervention. They do not constitute a guarantee of results.[\/vc_column_text][\/vc_column][\/vc_row]<\/p>\n<\/section>","protected":false},"excerpt":{"rendered":"<p>[vc_row][vc_column][vc_column_text] Liposuction [\/vc_column_text][vc_btn title=&#8221;Before \/ After Photos&#8221; style=&#8221;flat&#8221; shape=&#8221;square&#8221; align=&#8221;center&#8221; link=&#8221;url:http%3A%2F%2Fwww.dr-nfanous.com%2Fen%2Fplastic-surgery%2Fbefore-after-photo%2F|||&#8221;][vc_gallery type=&#8221;image_grid&#8221; images=&#8221;3045&#8243; img_size=&#8221;full&#8221; title=&#8221;Patient 1 &#8211; Liposuction&#8221;][vc_gallery type=&#8221;image_grid&#8221; images=&#8221;3047&#8243; img_size=&#8221;full&#8221; title=&#8221;Patient 2 &#8211; Liposuction&#8221;][vc_gallery type=&#8221;image_grid&#8221; images=&#8221;3051&#8243; img_size=&#8221;full&#8221; title=&#8221;Patient 3 &#8211; Liposuction&#8221;][vc_gallery type=&#8221;image_grid&#8221; images=&#8221;3053&#8243; img_size=&#8221;full&#8221; title=&#8221;Patient 4 &#8211; Liposuction&#8221;][vc_gallery type=&#8221;image_grid&#8221; images=&#8221;3055&#8243; img_size=&#8221;full&#8221; title=&#8221;Patient 5 &#8211; Liposuction&#8221;][vc_gallery type=&#8221;image_grid&#8221; images=&#8221;3057&#8243; img_size=&#8221;full&#8221; title=&#8221;Patient 6 &#8211; Liposuction&#8221;][vc_gallery type=&#8221;image_grid&#8221; images=&#8221;3059&#8243; [&hellip;]<\/p>\n","protected":false},"author":1,"featured_media":0,"parent":2420,"menu_order":0,"comment_status":"closed","ping_status":"closed","template":"","meta":{"footnotes":""},"class_list":["post-3100","page","type-page","status-publish","hentry"],"yoast_head":"<!-- This site is optimized with the Yoast SEO plugin v20.8 - https:\/\/yoast.com\/wordpress\/plugins\/seo\/ -->\n<title>Liposuction - Dr Nabil Fanous - Montr\u00e9al<\/title>\n<meta name=\"robots\" content=\"index, follow, max-snippet:-1, max-image-preview:large, max-video-preview:-1\" \/>\n<link rel=\"canonical\" href=\"https:\/\/dr-nfanous.com\/en\/plastic-surgery\/before-after-photo\/liposuction\/\" \/>\n<meta property=\"og:locale\" content=\"en_US\" \/>\n<meta property=\"og:type\" content=\"article\" \/>\n<meta property=\"og:title\" content=\"Liposuction - Dr Nabil Fanous - Montr\u00e9al\" \/>\n<meta property=\"og:description\" content=\"[vc_row][vc_column][vc_column_text] Liposuction [\/vc_column_text][vc_btn title=&#8221;Before \/ After Photos&#8221; style=&#8221;flat&#8221; shape=&#8221;square&#8221; align=&#8221;center&#8221; link=&#8221;url:http%3A%2F%2Fwww.dr-nfanous.com%2Fen%2Fplastic-surgery%2Fbefore-after-photo%2F|||&#8221;][vc_gallery type=&#8221;image_grid&#8221; images=&#8221;3045&#8243; img_size=&#8221;full&#8221; title=&#8221;Patient 1 &#8211; Liposuction&#8221;][vc_gallery type=&#8221;image_grid&#8221; images=&#8221;3047&#8243; img_size=&#8221;full&#8221; title=&#8221;Patient 2 &#8211; Liposuction&#8221;][vc_gallery type=&#8221;image_grid&#8221; images=&#8221;3051&#8243; img_size=&#8221;full&#8221; title=&#8221;Patient 3 &#8211; Liposuction&#8221;][vc_gallery type=&#8221;image_grid&#8221; images=&#8221;3053&#8243; img_size=&#8221;full&#8221; title=&#8221;Patient 4 &#8211; Liposuction&#8221;][vc_gallery type=&#8221;image_grid&#8221; images=&#8221;3055&#8243; img_size=&#8221;full&#8221; title=&#8221;Patient 5 &#8211; Liposuction&#8221;][vc_gallery type=&#8221;image_grid&#8221; images=&#8221;3057&#8243; img_size=&#8221;full&#8221; title=&#8221;Patient 6 &#8211; Liposuction&#8221;][vc_gallery type=&#8221;image_grid&#8221; images=&#8221;3059&#8243; [&hellip;]\" \/>\n<meta property=\"og:url\" content=\"https:\/\/dr-nfanous.com\/en\/plastic-surgery\/before-after-photo\/liposuction\/\" \/>\n<meta property=\"og:site_name\" content=\"Dr Nabil Fanous - Montr\u00e9al\" \/>\n<meta property=\"article:modified_time\" content=\"2016-12-08T23:47:10+00:00\" \/>\n<meta name=\"twitter:card\" content=\"summary_large_image\" \/>\n<meta name=\"twitter:label1\" content=\"Est. reading time\" \/>\n\t<meta name=\"twitter:data1\" content=\"1 minute\" \/>\n<script type=\"application\/ld+json\" class=\"yoast-schema-graph\">{\"@context\":\"https:\/\/schema.org\",\"@graph\":[{\"@type\":\"WebPage\",\"@id\":\"https:\/\/dr-nfanous.com\/en\/plastic-surgery\/before-after-photo\/liposuction\/\",\"url\":\"https:\/\/dr-nfanous.com\/en\/plastic-surgery\/before-after-photo\/liposuction\/\",\"name\":\"Liposuction - Dr Nabil Fanous - Montr\u00e9al\",\"isPartOf\":{\"@id\":\"https:\/\/dr-nfanous.com\/#website\"},\"datePublished\":\"2016-12-07T19:25:24+00:00\",\"dateModified\":\"2016-12-08T23:47:10+00:00\",\"breadcrumb\":{\"@id\":\"https:\/\/dr-nfanous.com\/en\/plastic-surgery\/before-after-photo\/liposuction\/#breadcrumb\"},\"inLanguage\":\"en-US\",\"potentialAction\":[{\"@type\":\"ReadAction\",\"target\":[\"https:\/\/dr-nfanous.com\/en\/plastic-surgery\/before-after-photo\/liposuction\/\"]}]},{\"@type\":\"BreadcrumbList\",\"@id\":\"https:\/\/dr-nfanous.com\/en\/plastic-surgery\/before-after-photo\/liposuction\/#breadcrumb\",\"itemListElement\":[{\"@type\":\"ListItem\",\"position\":1,\"name\":\"Accueil\",\"item\":\"https:\/\/dr-nfanous.com\/en\/\"},{\"@type\":\"ListItem\",\"position\":2,\"name\":\"Plastic surgery\",\"item\":\"https:\/\/dr-nfanous.com\/en\/plastic-surgery\/\"},{\"@type\":\"ListItem\",\"position\":3,\"name\":\"Before After Photo Gallery\",\"item\":\"https:\/\/dr-nfanous.com\/en\/plastic-surgery\/before-after-photo\/\"},{\"@type\":\"ListItem\",\"position\":4,\"name\":\"Liposuction\"}]},{\"@type\":\"WebSite\",\"@id\":\"https:\/\/dr-nfanous.com\/#website\",\"url\":\"https:\/\/dr-nfanous.com\/\",\"name\":\"Dr Nabil Fanous - Montr\u00e9al\",\"description\":\"Chirurgien Esth\u00e9tique \u00e0 Montr\u00e9al\",\"potentialAction\":[{\"@type\":\"SearchAction\",\"target\":{\"@type\":\"EntryPoint\",\"urlTemplate\":\"https:\/\/dr-nfanous.com\/?s={search_term_string}\"},\"query-input\":\"required name=search_term_string\"}],\"inLanguage\":\"en-US\"}]}<\/script>\n<!-- \/ Yoast SEO plugin. -->","yoast_head_json":{"title":"Liposuction - Dr Nabil Fanous - Montr\u00e9al","robots":{"index":"index","follow":"follow","max-snippet":"max-snippet:-1","max-image-preview":"max-image-preview:large","max-video-preview":"max-video-preview:-1"},"canonical":"https:\/\/dr-nfanous.com\/en\/plastic-surgery\/before-after-photo\/liposuction\/","og_locale":"en_US","og_type":"article","og_title":"Liposuction - Dr Nabil Fanous - Montr\u00e9al","og_description":"[vc_row][vc_column][vc_column_text] Liposuction [\/vc_column_text][vc_btn title=&#8221;Before \/ After Photos&#8221; style=&#8221;flat&#8221; shape=&#8221;square&#8221; align=&#8221;center&#8221; link=&#8221;url:http%3A%2F%2Fwww.dr-nfanous.com%2Fen%2Fplastic-surgery%2Fbefore-after-photo%2F|||&#8221;][vc_gallery type=&#8221;image_grid&#8221; images=&#8221;3045&#8243; img_size=&#8221;full&#8221; title=&#8221;Patient 1 &#8211; Liposuction&#8221;][vc_gallery type=&#8221;image_grid&#8221; images=&#8221;3047&#8243; img_size=&#8221;full&#8221; title=&#8221;Patient 2 &#8211; Liposuction&#8221;][vc_gallery type=&#8221;image_grid&#8221; images=&#8221;3051&#8243; img_size=&#8221;full&#8221; title=&#8221;Patient 3 &#8211; Liposuction&#8221;][vc_gallery type=&#8221;image_grid&#8221; images=&#8221;3053&#8243; img_size=&#8221;full&#8221; title=&#8221;Patient 4 &#8211; Liposuction&#8221;][vc_gallery type=&#8221;image_grid&#8221; images=&#8221;3055&#8243; img_size=&#8221;full&#8221; title=&#8221;Patient 5 &#8211; Liposuction&#8221;][vc_gallery type=&#8221;image_grid&#8221; images=&#8221;3057&#8243; img_size=&#8221;full&#8221; title=&#8221;Patient 6 &#8211; Liposuction&#8221;][vc_gallery type=&#8221;image_grid&#8221; images=&#8221;3059&#8243; [&hellip;]","og_url":"https:\/\/dr-nfanous.com\/en\/plastic-surgery\/before-after-photo\/liposuction\/","og_site_name":"Dr Nabil Fanous - Montr\u00e9al","article_modified_time":"2016-12-08T23:47:10+00:00","twitter_card":"summary_large_image","twitter_misc":{"Est. reading time":"1 minute"},"schema":{"@context":"https:\/\/schema.org","@graph":[{"@type":"WebPage","@id":"https:\/\/dr-nfanous.com\/en\/plastic-surgery\/before-after-photo\/liposuction\/","url":"https:\/\/dr-nfanous.com\/en\/plastic-surgery\/before-after-photo\/liposuction\/","name":"Liposuction - Dr Nabil Fanous - Montr\u00e9al","isPartOf":{"@id":"https:\/\/dr-nfanous.com\/#website"},"datePublished":"2016-12-07T19:25:24+00:00","dateModified":"2016-12-08T23:47:10+00:00","breadcrumb":{"@id":"https:\/\/dr-nfanous.com\/en\/plastic-surgery\/before-after-photo\/liposuction\/#breadcrumb"},"inLanguage":"en-US","potentialAction":[{"@type":"ReadAction","target":["https:\/\/dr-nfanous.com\/en\/plastic-surgery\/before-after-photo\/liposuction\/"]}]},{"@type":"BreadcrumbList","@id":"https:\/\/dr-nfanous.com\/en\/plastic-surgery\/before-after-photo\/liposuction\/#breadcrumb","itemListElement":[{"@type":"ListItem","position":1,"name":"Accueil","item":"https:\/\/dr-nfanous.com\/en\/"},{"@type":"ListItem","position":2,"name":"Plastic surgery","item":"https:\/\/dr-nfanous.com\/en\/plastic-surgery\/"},{"@type":"ListItem","position":3,"name":"Before After Photo Gallery","item":"https:\/\/dr-nfanous.com\/en\/plastic-surgery\/before-after-photo\/"},{"@type":"ListItem","position":4,"name":"Liposuction"}]},{"@type":"WebSite","@id":"https:\/\/dr-nfanous.com\/#website","url":"https:\/\/dr-nfanous.com\/","name":"Dr Nabil Fanous - Montr\u00e9al","description":"Chirurgien Esth\u00e9tique \u00e0 Montr\u00e9al","potentialAction":[{"@type":"SearchAction","target":{"@type":"EntryPoint","urlTemplate":"https:\/\/dr-nfanous.com\/?s={search_term_string}"},"query-input":"required name=search_term_string"}],"inLanguage":"en-US"}]}},"_links":{"self":[{"href":"https:\/\/dr-nfanous.com\/en\/wp-json\/wp\/v2\/pages\/3100","targetHints":{"allow":["GET"]}}],"collection":[{"href":"https:\/\/dr-nfanous.com\/en\/wp-json\/wp\/v2\/pages"}],"about":[{"href":"https:\/\/dr-nfanous.com\/en\/wp-json\/wp\/v2\/types\/page"}],"author":[{"embeddable":true,"href":"https:\/\/dr-nfanous.com\/en\/wp-json\/wp\/v2\/users\/1"}],"replies":[{"embeddable":true,"href":"https:\/\/dr-nfanous.com\/en\/wp-json\/wp\/v2\/comments?post=3100"}],"version-history":[{"count":3,"href":"https:\/\/dr-nfanous.com\/en\/wp-json\/wp\/v2\/pages\/3100\/revisions"}],"predecessor-version":[{"id":3185,"href":"https:\/\/dr-nfanous.com\/en\/wp-json\/wp\/v2\/pages\/3100\/revisions\/3185"}],"up":[{"embeddable":true,"href":"https:\/\/dr-nfanous.com\/en\/wp-json\/wp\/v2\/pages\/2420"}],"wp:attachment":[{"href":"https:\/\/dr-nfanous.com\/en\/wp-json\/wp\/v2\/media?parent=3100"}],"curies":[{"name":"wp","href":"https:\/\/api.w.org\/{rel}","templated":true}]}}